{"id":2721,"date":"2018-06-15T11:57:53","date_gmt":"2018-06-15T11:57:53","guid":{"rendered":"https:\/\/fincalosaljibes.com\/contacto\/"},"modified":"2018-09-11T15:35:58","modified_gmt":"2018-09-11T15:35:58","slug":"contacto","status":"publish","type":"page","link":"https:\/\/fincalosaljibes.com\/ja\/contacto\/","title":{"rendered":"Contacto"},"content":{"rendered":"<div class=\"wpb-content-wrapper\"><p>[vc_row css_animation=&#8221;&#8221; row_type=&#8221;row&#8221; use_row_as_full_screen_section=&#8221;no&#8221; type=&#8221;grid&#8221; angled_section=&#8221;no&#8221; text_align=&#8221;left&#8221; background_image_as_pattern=&#8221;without_pattern&#8221; padding_top=&#8221;24&#8243; padding_bottom=&#8221;0&#8243; z_index=&#8221;&#8221;][vc_column][vc_row_inner row_type=&#8221;row&#8221; type=&#8221;full_width&#8221; text_align=&#8221;left&#8221; css_animation=&#8221;&#8221; css=&#8221;.vc_custom_1528194686216{border-top-width: 1px !important;border-right-width: 1px !important;border-bottom-width: 1px !important;border-left-width: 1px !important;padding-top: 24px !important;padding-right: 24px !important;padding-bottom: 24px !important;padding-left: 24px !important;background-color: #ffffff !important;border-left-color: #e6e6e6 !important;border-left-style: solid !important;border-right-color: #e6e6e6 !important;border-right-style: solid !important;border-top-color: #e6e6e6 !important;border-top-style: solid !important;border-bottom-color: #e6e6e6 !important;border-bottom-style: solid !important;}&#8221;][vc_column_inner width=&#8221;1\/2&#8243;][vc_column_text]<\/p>\n<p style=\"text-align: center;\"><strong>FINCA LOS ALJIBES<\/strong><br \/>\n\u30a2\u30d1\u30fc\u30c8\u30fb\u30c7\u30fb\u30b3\u30ec\u30aa\u30b912 02520\u30b9\u30da\u30a4\u30f3\u3001\u30a2\u30eb\u30d0\u30bb\u30c6\u306e\u30c1\u30f3\u30c1\u30e9\u30fb\u30c7\u30fb\u30e2\u30f3\u30c6\u30e9\u30b4\u30f3<br \/>\nT <a href=\"tel:+34967260015\">+ 34 967 260 015<\/a><br \/>\nF <a href=\"tel:+34967261450\">+ 34 967 261 450<\/a><br \/>\n<a href=\"mailto:info@fincalosaljibes.com\">info@fincalosaljibes.com<\/a><\/p>\n<p style=\"text-align: center;\"><b>Horario:<\/b><br \/>\n\u55b6\u696d\u6642\u9593\uff1a\u6708\u66dc\u65e5\u301c\u571f\u66dc\u65e5\uff1a\u5348\u524d8\u6642\u301c\u5348\u5f8c2\u6642\/\u5348\u5f8c3\u6642\u301c\u5348\u5f8c6\u6642\u3001\u65e5\u66dc\u65e5\u5348\u524d9\u6642\u304b\u3089\u5348\u5f8c2\u6642\u590f\u306b\u306f\u9589\u5e97\uff09\u4e88\u7d04\u306f\u5e38\u6642\u8a2a[\/vc_column_text][\/vc_column_inner][vc_column_inner width=&#8221;1\/2&#8243;][vc_column_text]<\/p>\n<p style=\"text-align: center;\"><strong>\u30de\u30c9\u30ea\u30fc\u30c9\u4e8b\u52d9\u6240<\/strong><br \/>\nT <a href=\"tel:+34918843472\">+34 918 843 472<\/a><br \/>\nF <a href=\"tel:34918844324\">+34 918 844 324<\/a><br \/>\n<a href=\"mailto:info@fincalosaljibes.com\">info@fincalosaljibes.com<\/a><\/p>\n<p>[\/vc_column_text][vc_column_text]<\/p>\n<p style=\"text-align: center;\"><strong>\u30a4\u30d9\u30f3\u30c8<\/strong><br \/>\nT <a href=\"tel:+34967260015\">+ 34 967 26 00 15<\/a><br \/>\n<a href=\"mailto:enoturismo@fincalosaljibes.com\">enoturismo@fincalosaljibes.com<\/a><\/p>\n<p>[\/vc_column_text][vc_column_text]<\/p>\n<p style=\"text-align: center;\"><strong>\u30ef\u30a4\u30ca\u30ea\u30fc\u30c4\u30a2\u30fc<\/strong><br \/>\nT <a href=\"tel:+34967260015\">+ 34 967 26 00 15<\/a><br \/>\nM <a href=\"tel:+34661321209\">+ 34 661 32 12 09<\/a><br \/>\n<a href=\"mailto:enoturismo@fincalosaljibes.com\">enoturismo@fincalosaljibes.com<\/a><\/p>\n<p>[\/vc_column_text][\/vc_column_inner][\/vc_row_inner][\/vc_column][\/vc_row][vc_row css_animation=&#8221;&#8221; row_type=&#8221;row&#8221; use_row_as_full_screen_section=&#8221;no&#8221; type=&#8221;full_width&#8221; angled_section=&#8221;no&#8221; text_align=&#8221;left&#8221; background_image_as_pattern=&#8221;without_pattern&#8221; padding_top=&#8221;24&#8243; padding_bottom=&#8221;24&#8243; z_index=&#8221;&#8221;][vc_column][vc_single_image image=&#8221;901&#8243; img_size=&#8221;full&#8221; alignment=&#8221;center&#8221; qode_css_animation=&#8221;&#8221;][\/vc_column][\/vc_row][vc_row css_animation=&#8221;&#8221; row_type=&#8221;row&#8221; use_row_as_full_screen_section=&#8221;no&#8221; type=&#8221;full_width&#8221; angled_section=&#8221;no&#8221; text_align=&#8221;center&#8221; background_image_as_pattern=&#8221;without_pattern&#8221; padding_top=&#8221;0&#8243; padding_bottom=&#8221;24&#8243; z_index=&#8221;&#8221;][vc_column]<a  itemprop=\"url\" href=\"https:\/\/www.google.com\/maps\/place\/Bodega+Finca+Los+Aljibes\/@38.779299,-1.589599,10z\/data=!4m5!3m4!1s0x0:0x184a349b26de4527!8m2!3d38.779299!4d-1.5895992?hl=es-ES\" target=\"_blank\"  class=\"qbutton  default\" style=\"\">\u305d\u3053\u306b\u884c\u304f\u65b9\u6cd5<\/a>[\/vc_column][\/vc_row][vc_row css_animation=&#8221;&#8221; row_type=&#8221;row&#8221; use_row_as_full_screen_section=&#8221;no&#8221; type=&#8221;full_width&#8221; angled_section=&#8221;no&#8221; text_align=&#8221;left&#8221; background_image_as_pattern=&#8221;without_pattern&#8221; padding_top=&#8221;24&#8243; padding_bottom=&#8221;24&#8243; z_index=&#8221;&#8221;][vc_column]<div class=\"call_to_action simple\" style=\"background-color: #181818;padding-top: 36px;padding-bottom: 36px;\"><div class=\"container_inner\"><div class=\"text_wrapper column1\"><div class=\"call_to_action_text  font_size_inherit font_weight_inherit\" style=\"font-size:24px;font-weight: 500;\"><strong>La Bodega Los Aljibes<\/strong> \u3092\u305c\u3072\u3054\u5229\u7528\u304f\u3060\u3055\u3044<\/div><a itemprop=\"url\" href=\"\/contacto\/\" class=\"qbutton white medium\" target=\"\" style=\"\" data-hover-background-color=#ffffff data-hover-color=#181818>\u306f\u3044\u3001\u79c1\u306f\u3057\u305f\u3044\u3067\u3059<\/a><\/div><\/div><\/div>[\/vc_column][\/vc_row][vc_row css_animation=&#8221;&#8221; row_type=&#8221;row&#8221; use_row_as_full_screen_section=&#8221;no&#8221; type=&#8221;grid&#8221; angled_section=&#8221;no&#8221; text_align=&#8221;left&#8221; background_image_as_pattern=&#8221;without_pattern&#8221; padding_top=&#8221;0&#8243; padding_bottom=&#8221;48&#8243; z_index=&#8221;&#8221; css=&#8221;.vc_custom_1529066735495{margin-bottom: 24px !important;padding-top: 0px !important;}&#8221;][vc_column][vc_row_inner row_type=&#8221;row&#8221; type=&#8221;full_width&#8221; text_align=&#8221;left&#8221; css_animation=&#8221;&#8221; css=&#8221;.vc_custom_1528194686216{border-top-width: 1px !important;border-right-width: 1px !important;border-bottom-width: 1px !important;border-left-width: 1px !important;padding-top: 24px !important;padding-right: 24px !important;padding-bottom: 24px !important;padding-left: 24px !important;background-color: #ffffff !important;border-left-color: #e6e6e6 !important;border-left-style: solid !important;border-right-color: #e6e6e6 !important;border-right-style: solid !important;border-top-color: #e6e6e6 !important;border-top-style: solid !important;border-bottom-color: #e6e6e6 !important;border-bottom-style: solid !important;}&#8221;][vc_column_inner][vc_column_text]<\/p>\n<p style=\"text-align: center;\">\u3088\u308a\u8a73\u3057\u3044\u60c5\u5831\u3092\u3054\u5e0c\u671b\u306e\u5834\u5408\u306f\u3001\u4e0b\u8a18\u306e\u30d5\u30a9\u30fc\u30e0\u306b\u3054\u8a18\u5165\u304f\u3060\u3055\u3044\u3002<\/p>\n<p>[\/vc_column_text][vc_column_text]\n<div class=\"wpcf7 no-js\" id=\"wpcf7-f706-o1\" lang=\"es-ES\" dir=\"ltr\" data-wpcf7-id=\"706\">\n<div class=\"screen-reader-response\"><p role=\"status\" aria-live=\"polite\" aria-atomic=\"true\"><\/p> <ul><\/ul><\/div>\n<form action=\"\/ja\/wp-json\/wp\/v2\/pages\/2721#wpcf7-f706-o1\" method=\"post\" class=\"wpcf7-form init\" aria-label=\"Formulario de contacto\" novalidate=\"novalidate\" data-status=\"init\">\n<fieldset class=\"hidden-fields-container\"><input type=\"hidden\" name=\"_wpcf7\" value=\"706\" \/><input type=\"hidden\" name=\"_wpcf7_version\" value=\"6.1.5\" \/><input type=\"hidden\" name=\"_wpcf7_locale\" value=\"es_ES\" \/><input type=\"hidden\" name=\"_wpcf7_unit_tag\" value=\"wpcf7-f706-o1\" \/><input type=\"hidden\" name=\"_wpcf7_container_post\" value=\"0\" \/><input type=\"hidden\" name=\"_wpcf7_posted_data_hash\" value=\"\" \/><input type=\"hidden\" name=\"_wpcf7_recaptcha_response\" value=\"\" \/>\n<\/fieldset>\n<div class=\"fila1\">\n\t<p style=\"display:inline; float:left; width:48%; margin-right:4%;\"><label> NOMBRE*<br \/>\n<span class=\"wpcf7-form-control-wrap\" data-name=\"your-name\"><input size=\"40\" maxlength=\"400\" class=\"wpcf7-form-control wpcf7-text wpcf7-validates-as-required\" aria-required=\"true\" aria-invalid=\"false\" value=\"\" type=\"text\" name=\"your-name\" \/><\/span> <\/label>\n\t<\/p>\n\t<p style=\"display:inline; float:left; width:48%;\"><label> APELLIDOS<br \/>\n<span class=\"wpcf7-form-control-wrap\" data-name=\"your-apellidos\"><input size=\"40\" maxlength=\"400\" class=\"wpcf7-form-control wpcf7-text wpcf7-validates-as-required\" aria-required=\"true\" aria-invalid=\"false\" value=\"\" type=\"text\" name=\"your-apellidos\" \/><\/span><\/label>\n\t<\/p>\n<\/div>\n<div class=\"fila3\">\n\t<p style=\"display:inline; float:left; width:48%; margin-right:4%;\"><label> E-MAIL*<br \/>\n<span class=\"wpcf7-form-control-wrap\" data-name=\"your-email\"><input size=\"40\" maxlength=\"400\" class=\"wpcf7-form-control wpcf7-email wpcf7-validates-as-required wpcf7-text wpcf7-validates-as-email\" aria-required=\"true\" aria-invalid=\"false\" value=\"\" type=\"email\" name=\"your-email\" \/><\/span> <\/label>\n\t<\/p>\n\t<p style=\"display:inline; float:left; width:48%;\"><label> TEL\u00c9FONO*<br \/>\n<span class=\"wpcf7-form-control-wrap\" data-name=\"your-phone\"><input size=\"40\" maxlength=\"400\" class=\"wpcf7-form-control wpcf7-tel wpcf7-validates-as-required wpcf7-text wpcf7-validates-as-tel\" aria-required=\"true\" aria-invalid=\"false\" value=\"\" type=\"tel\" name=\"your-phone\" \/><\/span> <\/label>\n\t<\/p>\n<\/div>\n<div class=\"fila2\">\n\t<p style=\"display:inline; float:left; width:48%; margin-right:4%;\"><label> \u00bfEN QU\u00c9 EST\u00c1S INTERESADO?*<br \/>\n<span class=\"wpcf7-form-control-wrap\" data-name=\"menu-963\"><select class=\"wpcf7-form-control wpcf7-select wpcf7-validates-as-required\" aria-required=\"true\" aria-invalid=\"false\" multiple=\"multiple\" name=\"menu-963[]\"><option value=\"Bodas\">Bodas<\/option><option value=\"Eventos Empresariales\">Eventos Empresariales<\/option><option value=\"Eventos Particulares\">Eventos Particulares<\/option><option value=\"Visita Enoturismo\">Visita Enoturismo<\/option><option value=\"Cursos de Cata\">Cursos de Cata<\/option><option value=\"Casas Rurales\">Casas Rurales<\/option><\/select><\/span><\/label>\n\t<\/p>\n\t<p style=\"display:inline; float:left; width:48%;\"><label> MENSAJE<br \/>\n<span class=\"wpcf7-form-control-wrap\" data-name=\"your-message\"><textarea cols=\"40\" rows=\"10\" maxlength=\"2000\" class=\"wpcf7-form-control wpcf7-textarea\" aria-invalid=\"false\" name=\"your-message\"><\/textarea><\/span> <\/label>\n\t<\/p>\n\t<p style=\"text-align:center; width:100%; float:left;\"><br \/>\n<div class=\"cf7-cf-turnstile\" style=\"margin-top: 0px; margin-bottom: -15px;\"> <div id=\"cf-turnstile-cf7-1512866521\" class=\"cf-turnstile\" data-sitekey=\"0x4AAAAAACwCa3SrgQT6FQTc\" data-theme=\"light\" data-language=\"auto\" data-size=\"normal\" data-retry=\"auto\" data-retry-interval=\"1000\" data-refresh-expired=\"auto\" data-refresh-timeout=\"auto\" data-action=\"contact-form-7\" data-callback=\"turnstileCF7Callback\" data-appearance=\"always\"><\/div> <script>document.addEventListener(\"DOMContentLoaded\", function() { setTimeout(function(){ var e=document.getElementById(\"cf-turnstile-cf7-1512866521\"); if(e&&!e.innerHTML.trim()){turnstile.render(e, {sitekey:\"0x4AAAAAACwCa3SrgQT6FQTc\"});} }, 200); });<\/script> <br class=\"cf-turnstile-br cf-turnstile-br-cf7-1512866521\"> <style>#cf-turnstile-cf7-1512866521 { margin-left: -15px; }<\/style> <script>document.addEventListener(\"DOMContentLoaded\",function(){document.querySelectorAll('.wpcf7-form').forEach(function(e){e.addEventListener('submit',function(){if(document.getElementById('cf-turnstile-cf7-1512866521')){setTimeout(function(){turnstile.reset('#cf-turnstile-cf7-1512866521');},1000)}})})});<\/script> <\/div><br\/><input class=\"wpcf7-form-control wpcf7-submit has-spinner\" type=\"submit\" value=\"Enviar\" \/>\n\t<\/p>\n\t<p style=\"font-size:11px; display:inline; float:left; width:100%; text-align:center;\"><span class=\"wpcf7-form-control-wrap\" data-name=\"checkbox-817\"><span class=\"wpcf7-form-control wpcf7-checkbox wpcf7-validates-as-required\"><span class=\"wpcf7-list-item first last\"><input type=\"checkbox\" name=\"checkbox-817[]\" value=\"He leido y estoy de acuerdo con el\" \/><span class=\"wpcf7-list-item-label\">He leido y estoy de acuerdo con el<\/span><\/span><\/span><\/span><a href=\"https:\/\/fincalosaljibes.com\/aviso-legal\/\" target=\"_blank\" style=\"text-decoration: underline;\">Aviso Legal<\/a> de esta web\n\t<\/p>\n\t<p style=\"font-size:11px; display:inline; float:left; width:100%; text-align:center; margin-bottom:0px;\">CONFIDENCIALIDAD DE DATOS. En cumplimiento de la Ley Org\u00e1nica 5\/1992 del 20 de octubre de regulaci\u00f3n del tratamiento informatizado de datos de car\u00e1cter personal, le informamos que los datos recogidos en este formulario ser\u00e1n incorporados a un fichero automatizado cuyo responsable y titular es SCTU y se utilizar\u00e1n \u00fanicamente para el pedido que Vd. va a realizar. Garantizamos que en ning\u00fan caso sus datos personales ser\u00e1n utilizados para operaciones de marketing u otros fines comerciales.\n\t<\/p>\n\t<p style=\"font-size:11px; display:inline; float:left; width:100%; text-align:center;\">Del mismo modo le comunicamos que puede ejercitar sus derechos de acceso, rectificaci\u00f3n, cancelaci\u00f3n y oposici\u00f3n al fichero mediante el env\u00edo por correo ordinario de su solicitud por escrito a la siguiente direcci\u00f3n: Ctra. Ajalvir-Torrejon de Ardoz KM 1,8 - 28864 Ajalvir (Madrid)\n\t<\/p>\n<\/div><div class=\"wpcf7-response-output\" aria-hidden=\"true\"><\/div>\n<\/form>\n<\/div>\n[\/vc_column_text][\/vc_column_inner][\/vc_row_inner][\/vc_column][\/vc_row]<\/p>\n<\/div>","protected":false},"excerpt":{"rendered":"<p>[vc_row css_animation=&#8221;&#8221; row_type&#8230;<\/p>\n","protected":false},"author":1,"featured_media":0,"parent":0,"menu_order":0,"comment_status":"closed","ping_status":"closed","template":"full_width.php","meta":{"footnotes":""},"class_list":["post-2721","page","type-page","status-publish","hentry"],"yoast_head":"<!-- This site is optimized with the Yoast SEO plugin v27.4 - https:\/\/yoast.com\/product\/yoast-seo-wordpress\/ -->\n<title>Contacto | Finca Los Aljibes<\/title>\n<meta name=\"robots\" content=\"index, follow, max-snippet:-1, max-image-preview:large, max-video-preview:-1\" \/>\n<link rel=\"canonical\" href=\"https:\/\/fincalosaljibes.com\/ja\/contacto\/\" \/>\n<meta property=\"og:locale\" content=\"ja_JP\" \/>\n<meta property=\"og:type\" content=\"article\" \/>\n<meta property=\"og:title\" content=\"Contacto | Finca Los Aljibes\" \/>\n<meta property=\"og:description\" content=\"[vc_row css_animation=&#8221;&#8221; row_type...\" \/>\n<meta property=\"og:url\" content=\"https:\/\/fincalosaljibes.com\/ja\/contacto\/\" \/>\n<meta property=\"og:site_name\" content=\"Finca Los Aljibes\" \/>\n<meta property=\"article:publisher\" content=\"https:\/\/www.facebook.com\/bodegalosaljibes\/\" \/>\n<meta property=\"article:modified_time\" content=\"2018-09-11T15:35:58+00:00\" \/>\n<meta property=\"og:image\" content=\"https:\/\/fincalosaljibes.com\/wp-content\/uploads\/2018\/08\/Finca_Los_Aljibes_SSC_02770.jpg\" \/>\n\t<meta property=\"og:image:width\" content=\"1024\" \/>\n\t<meta property=\"og:image:height\" content=\"683\" \/>\n\t<meta property=\"og:image:type\" content=\"image\/jpeg\" \/>\n<meta name=\"twitter:card\" content=\"summary_large_image\" \/>\n<meta name=\"twitter:label1\" content=\"\u63a8\u5b9a\u8aad\u307f\u53d6\u308a\u6642\u9593\" \/>\n\t<meta name=\"twitter:data1\" content=\"3\u5206\" \/>\n<script type=\"application\/ld+json\" class=\"yoast-schema-graph\">{\"@context\":\"https:\\\/\\\/schema.org\",\"@graph\":[{\"@type\":\"WebPage\",\"@id\":\"https:\\\/\\\/fincalosaljibes.com\\\/ja\\\/contacto\\\/\",\"url\":\"https:\\\/\\\/fincalosaljibes.com\\\/ja\\\/contacto\\\/\",\"name\":\"Contacto | Finca Los Aljibes\",\"isPartOf\":{\"@id\":\"https:\\\/\\\/fincalosaljibes.com\\\/ja\\\/#website\"},\"datePublished\":\"2018-06-15T11:57:53+00:00\",\"dateModified\":\"2018-09-11T15:35:58+00:00\",\"breadcrumb\":{\"@id\":\"https:\\\/\\\/fincalosaljibes.com\\\/ja\\\/contacto\\\/#breadcrumb\"},\"inLanguage\":\"ja\",\"potentialAction\":[{\"@type\":\"ReadAction\",\"target\":[\"https:\\\/\\\/fincalosaljibes.com\\\/ja\\\/contacto\\\/\"]}]},{\"@type\":\"BreadcrumbList\",\"@id\":\"https:\\\/\\\/fincalosaljibes.com\\\/ja\\\/contacto\\\/#breadcrumb\",\"itemListElement\":[{\"@type\":\"ListItem\",\"position\":1,\"name\":\"Portada\",\"item\":\"https:\\\/\\\/fincalosaljibes.com\\\/ja\\\/\"},{\"@type\":\"ListItem\",\"position\":2,\"name\":\"Contacto\"}]},{\"@type\":\"WebSite\",\"@id\":\"https:\\\/\\\/fincalosaljibes.com\\\/ja\\\/#website\",\"url\":\"https:\\\/\\\/fincalosaljibes.com\\\/ja\\\/\",\"name\":\"Finca Los Aljibes\",\"description\":\"Bodega de vinos, enoturismo, visitas a la bodega y finca para celebrar bodas y eventos\",\"publisher\":{\"@id\":\"https:\\\/\\\/fincalosaljibes.com\\\/ja\\\/#organization\"},\"alternateName\":\"Bodega Los Aljibes\",\"potentialAction\":[{\"@type\":\"SearchAction\",\"target\":{\"@type\":\"EntryPoint\",\"urlTemplate\":\"https:\\\/\\\/fincalosaljibes.com\\\/ja\\\/?s={search_term_string}\"},\"query-input\":{\"@type\":\"PropertyValueSpecification\",\"valueRequired\":true,\"valueName\":\"search_term_string\"}}],\"inLanguage\":\"ja\"},{\"@type\":\"Organization\",\"@id\":\"https:\\\/\\\/fincalosaljibes.com\\\/ja\\\/#organization\",\"name\":\"Bodega Finca Los Aljibes\",\"alternateName\":\"Bodega Los Aljibes\",\"url\":\"https:\\\/\\\/fincalosaljibes.com\\\/ja\\\/\",\"logo\":{\"@type\":\"ImageObject\",\"inLanguage\":\"ja\",\"@id\":\"https:\\\/\\\/fincalosaljibes.com\\\/ja\\\/#\\\/schema\\\/logo\\\/image\\\/\",\"url\":\"https:\\\/\\\/fincalosaljibes.com\\\/wp-content\\\/uploads\\\/2025\\\/06\\\/LOGO-FINCA-LOS-ALJIBES.png\",\"contentUrl\":\"https:\\\/\\\/fincalosaljibes.com\\\/wp-content\\\/uploads\\\/2025\\\/06\\\/LOGO-FINCA-LOS-ALJIBES.png\",\"width\":1207,\"height\":894,\"caption\":\"Bodega Finca Los Aljibes\"},\"image\":{\"@id\":\"https:\\\/\\\/fincalosaljibes.com\\\/ja\\\/#\\\/schema\\\/logo\\\/image\\\/\"},\"sameAs\":[\"https:\\\/\\\/www.facebook.com\\\/bodegalosaljibes\\\/\",\"https:\\\/\\\/www.instagram.com\\\/losaljibes\\\/\",\"https:\\\/\\\/www.linkedin.com\\\/company\\\/los-aljibes\\\/\",\"https:\\\/\\\/www.youtube.com\\\/channel\\\/UCqYK8s9Xmfj2C1k6xCGODOw\"]}]}<\/script>\n<!-- \/ Yoast SEO plugin. -->","yoast_head_json":{"title":"Contacto | Finca Los Aljibes","robots":{"index":"index","follow":"follow","max-snippet":"max-snippet:-1","max-image-preview":"max-image-preview:large","max-video-preview":"max-video-preview:-1"},"canonical":"https:\/\/fincalosaljibes.com\/ja\/contacto\/","og_locale":"ja_JP","og_type":"article","og_title":"Contacto | Finca Los Aljibes","og_description":"[vc_row css_animation=&#8221;&#8221; row_type...","og_url":"https:\/\/fincalosaljibes.com\/ja\/contacto\/","og_site_name":"Finca Los Aljibes","article_publisher":"https:\/\/www.facebook.com\/bodegalosaljibes\/","article_modified_time":"2018-09-11T15:35:58+00:00","og_image":[{"width":1024,"height":683,"url":"https:\/\/fincalosaljibes.com\/wp-content\/uploads\/2018\/08\/Finca_Los_Aljibes_SSC_02770.jpg","type":"image\/jpeg"}],"twitter_card":"summary_large_image","twitter_misc":{"\u63a8\u5b9a\u8aad\u307f\u53d6\u308a\u6642\u9593":"3\u5206"},"schema":{"@context":"https:\/\/schema.org","@graph":[{"@type":"WebPage","@id":"https:\/\/fincalosaljibes.com\/ja\/contacto\/","url":"https:\/\/fincalosaljibes.com\/ja\/contacto\/","name":"Contacto | Finca Los Aljibes","isPartOf":{"@id":"https:\/\/fincalosaljibes.com\/ja\/#website"},"datePublished":"2018-06-15T11:57:53+00:00","dateModified":"2018-09-11T15:35:58+00:00","breadcrumb":{"@id":"https:\/\/fincalosaljibes.com\/ja\/contacto\/#breadcrumb"},"inLanguage":"ja","potentialAction":[{"@type":"ReadAction","target":["https:\/\/fincalosaljibes.com\/ja\/contacto\/"]}]},{"@type":"BreadcrumbList","@id":"https:\/\/fincalosaljibes.com\/ja\/contacto\/#breadcrumb","itemListElement":[{"@type":"ListItem","position":1,"name":"Portada","item":"https:\/\/fincalosaljibes.com\/ja\/"},{"@type":"ListItem","position":2,"name":"Contacto"}]},{"@type":"WebSite","@id":"https:\/\/fincalosaljibes.com\/ja\/#website","url":"https:\/\/fincalosaljibes.com\/ja\/","name":"Finca Los Aljibes","description":"Bodega de vinos, enoturismo, visitas a la bodega y finca para celebrar bodas y eventos","publisher":{"@id":"https:\/\/fincalosaljibes.com\/ja\/#organization"},"alternateName":"Bodega Los Aljibes","potentialAction":[{"@type":"SearchAction","target":{"@type":"EntryPoint","urlTemplate":"https:\/\/fincalosaljibes.com\/ja\/?s={search_term_string}"},"query-input":{"@type":"PropertyValueSpecification","valueRequired":true,"valueName":"search_term_string"}}],"inLanguage":"ja"},{"@type":"Organization","@id":"https:\/\/fincalosaljibes.com\/ja\/#organization","name":"Bodega Finca Los Aljibes","alternateName":"Bodega Los Aljibes","url":"https:\/\/fincalosaljibes.com\/ja\/","logo":{"@type":"ImageObject","inLanguage":"ja","@id":"https:\/\/fincalosaljibes.com\/ja\/#\/schema\/logo\/image\/","url":"https:\/\/fincalosaljibes.com\/wp-content\/uploads\/2025\/06\/LOGO-FINCA-LOS-ALJIBES.png","contentUrl":"https:\/\/fincalosaljibes.com\/wp-content\/uploads\/2025\/06\/LOGO-FINCA-LOS-ALJIBES.png","width":1207,"height":894,"caption":"Bodega Finca Los Aljibes"},"image":{"@id":"https:\/\/fincalosaljibes.com\/ja\/#\/schema\/logo\/image\/"},"sameAs":["https:\/\/www.facebook.com\/bodegalosaljibes\/","https:\/\/www.instagram.com\/losaljibes\/","https:\/\/www.linkedin.com\/company\/los-aljibes\/","https:\/\/www.youtube.com\/channel\/UCqYK8s9Xmfj2C1k6xCGODOw"]}]}},"_links":{"self":[{"href":"https:\/\/fincalosaljibes.com\/ja\/wp-json\/wp\/v2\/pages\/2721","targetHints":{"allow":["GET"]}}],"collection":[{"href":"https:\/\/fincalosaljibes.com\/ja\/wp-json\/wp\/v2\/pages"}],"about":[{"href":"https:\/\/fincalosaljibes.com\/ja\/wp-json\/wp\/v2\/types\/page"}],"author":[{"embeddable":true,"href":"https:\/\/fincalosaljibes.com\/ja\/wp-json\/wp\/v2\/users\/1"}],"replies":[{"embeddable":true,"href":"https:\/\/fincalosaljibes.com\/ja\/wp-json\/wp\/v2\/comments?post=2721"}],"version-history":[{"count":0,"href":"https:\/\/fincalosaljibes.com\/ja\/wp-json\/wp\/v2\/pages\/2721\/revisions"}],"wp:attachment":[{"href":"https:\/\/fincalosaljibes.com\/ja\/wp-json\/wp\/v2\/media?parent=2721"}],"curies":[{"name":"wp","href":"https:\/\/api.w.org\/{rel}","templated":true}]}}