{"id":11498,"date":"2022-09-05T10:13:35","date_gmt":"2022-09-05T09:13:35","guid":{"rendered":"https:\/\/fincalosaljibes.com\/?post_type=product&#038;p=11498"},"modified":"2025-09-27T14:16:11","modified_gmt":"2025-09-27T12:16:11","slug":"selectus-magnum-15-l","status":"publish","type":"product","link":"https:\/\/fincalosaljibes.com\/ja\/product\/selectus-magnum-15-l\/","title":{"rendered":"SELECTUS 2016 MAGNUM 1,5 L"},"content":{"rendered":"<p><img decoding=\"async\" src=\"\/wp-content\/uploads\/2018\/06\/ico_crianza-3.png\" width=\"24px\" height=\"auto\" \/><span class=\"crianza\">Crianza<\/span><br \/>\n18 meses en barrica nueva de roble franc\u00e9s<\/p>\n<p><img decoding=\"async\" src=\"\/wp-content\/uploads\/2018\/06\/ico_maridaje-1.png\" width=\"24px\" height=\"auto\" \/><span class=\"maridaje\"> Maridaje<\/span><br \/>\nCordero asado y chulet\u00f3n de ternera<\/p>\n<p><img decoding=\"async\" src=\"\/wp-content\/uploads\/2018\/06\/ico_temperatura-2.png\" width=\"24px\" height=\"auto\" \/><span class=\"temperatura\">Temperatura de servicio<\/span><br \/>\n16\u00ba &#8211; 18\u00ba C<\/p>\n<p class=\"premios-p\" style=\"margin-bottom: 0px;\"><img decoding=\"async\" src=\"\/wp-content\/uploads\/2018\/06\/ico_premios-2.png\" width=\"24px\" height=\"auto\" \/><span class=\"premios\">Premios<\/span><\/p>\n<ul>\n<li>Selectus 2007, 94 Puntos Parker<br \/>\n<strong>The Wine Advocate 2011<\/strong><\/li>\n<li>Selectus 2006, 93 Puntos Parker<br \/>\n<strong>The Wine Advocate 2009<\/strong><\/li>\n<\/ul>\n<h4>DATOS T\u00c9CNICOS<\/h4>\n<p><a class=\"descargar-pdf-producto\" href=\"https:\/\/fincalosaljibes.com\/wp-content\/uploads\/2022\/08\/SELECTUS-2016.pdf\" target=\"_blank\" rel=\"noopener noreferrer\"><i class=\"fa fa-file-pdf-o\"><\/i> Descargar PDF<\/a><\/p>\n","protected":false},"excerpt":{"rendered":"<p><strong>Selectus es un vino de autor<\/strong>, la m\u00e1s alta expresi\u00f3n de las cepas Syrah, Cabernet Franc, Cabernet Sauvignon y Merlot. La selecci\u00f3n de las mejores barricas de cada una de las variedades. Los vinos \u201cde l\u00e1grima\u201d extra\u00eddos pasan a barricas nuevas de roble franc\u00e9s donde hacen la malol\u00e1ctica y su crianza.<\/p>\n<p>El posterior coupage se hace en tinas de roble franc\u00e9s de 10.000 litros de capacidad.\u00a0<strong>Se elaboran muy pocas botellas de este espl\u00e9ndido vino, y s\u00f3lo si el a\u00f1o ha sido de calidad excepcional.<\/strong>\u00a0De corte muy vanguardista, potente y espectacular, vigoroso y sublime, emociona y transmite sensaciones a todos los sentidos.<\/p>\n<p><strong>El gran dise\u00f1ador \u00d3scar Marin\u00e9 ha creado su etiqueta,<\/strong>\u00a0vistiendo a Selectus de una manera rompedora, elegante, moderna y equilibrada, como el vino al que adorna. De intenso color cereza picota.<\/p>\n<p>La fermentaci\u00f3n malol\u00e1ctica y envejecimiento en barrica nueva de roble franc\u00e9s aporta a Selectus una nariz \u00fanica con complejos aromas bals\u00e1micos, minerales y caf\u00e9 con leche.\u00a0<strong>En boca muestra gran volumen y estructura en la que destacan los taninos suaves y maduros.<\/strong><\/p>\n<p>[addtoany]<\/p>\n","protected":false},"featured_media":11562,"template":"","meta":[],"product_brand":[],"product_cat":[116,309,140],"product_tag":[],"class_list":{"0":"post-11498","1":"product","2":"type-product","3":"status-publish","4":"has-post-thumbnail","6":"product_cat-finca-los-aljibes","7":"product_cat-gran-formato","8":"product_cat-tintos","9":"member-discount","10":"discount-restricted","12":"first","13":"instock","14":"taxable","15":"shipping-taxable","16":"purchasable","17":"product-type-simple"},"bundled_by":[],"bundle_stock_status":"instock","bundle_stock_quantity":null,"bundle_virtual":false,"bundle_layout":"","bundle_add_to_cart_form_location":"","bundle_editable_in_cart":false,"bundle_sold_individually_context":"","bundle_item_grouping":"","bundle_min_size":"","bundle_max_size":"","bundle_price":[],"bundled_items":[],"bundle_sell_ids":[],"booking_location":null,"booking_location_type":null,"booking_duration":null,"booking_duration_unit":null,"booking_buffer":null,"booking_cost":null,"booking_resources":null,"group_of_quantity":0,"min_quantity":0,"max_quantity":"","exclude_order_quantity_value_rules":"no","exclude_category_quantity_rules":"no","combine_variations":"no","yoast_head":"<!-- This site is optimized with the Yoast SEO plugin v27.3 - https:\/\/yoast.com\/product\/yoast-seo-wordpress\/ -->\n<title>SELECTUS 2016 MAGNUM 1,5 L | Finca Los Aljibes<\/title>\n<meta name=\"robots\" content=\"index, follow, max-snippet:-1, max-image-preview:large, max-video-preview:-1\" \/>\n<link rel=\"canonical\" href=\"https:\/\/fincalosaljibes.com\/ja\/product\/selectus-magnum-15-l\/\" \/>\n<meta property=\"og:locale\" content=\"ja_JP\" \/>\n<meta property=\"og:type\" content=\"article\" \/>\n<meta property=\"og:title\" content=\"SELECTUS 2016 MAGNUM 1,5 L | Finca Los Aljibes\" \/>\n<meta property=\"og:description\" content=\"Selectus es un vino de autor, la m\u00e1s alta expresi\u00f3n de las cepas Syrah, Cabernet Franc, Cabernet Sauvignon y Merlot. La selecci\u00f3n de las mejores barricas de cada una de las variedades. Los vinos \u201cde l\u00e1grima\u201d extra\u00eddos pasan a barricas nuevas de roble franc\u00e9s donde hacen la malol\u00e1ctica y su crianza.  El posterior coupage se hace en tinas de roble franc\u00e9s de 10.000 litros de capacidad.\u00a0Se elaboran muy pocas botellas de este espl\u00e9ndido vino, y s\u00f3lo si el a\u00f1o ha sido de calidad excepcional.\u00a0De corte muy vanguardista, potente y espectacular, vigoroso y sublime, emociona y transmite sensaciones a todos los sentidos.  El gran dise\u00f1ador \u00d3scar Marin\u00e9 ha creado su etiqueta,\u00a0vistiendo a Selectus de una manera rompedora, elegante, moderna y equilibrada, como el vino al que adorna. De intenso color cereza picota.  La fermentaci\u00f3n malol\u00e1ctica y envejecimiento en barrica nueva de roble franc\u00e9s aporta a Selectus una nariz \u00fanica con complejos aromas bals\u00e1micos, minerales y caf\u00e9 con leche.\u00a0En boca muestra gran volumen y estructura en la que destacan los taninos suaves y maduros.  [addtoany]\" \/>\n<meta property=\"og:url\" content=\"https:\/\/fincalosaljibes.com\/ja\/product\/selectus-magnum-15-l\/\" \/>\n<meta property=\"og:site_name\" content=\"Finca Los Aljibes\" \/>\n<meta property=\"article:publisher\" content=\"https:\/\/www.facebook.com\/bodegalosaljibes\/\" \/>\n<meta property=\"article:modified_time\" content=\"2025-09-27T12:16:11+00:00\" \/>\n<meta property=\"og:image\" content=\"https:\/\/fincalosaljibes.com\/wp-content\/uploads\/2022\/09\/SELECTUS-MAGNUM.jpg\" \/>\n\t<meta property=\"og:image:width\" content=\"400\" \/>\n\t<meta property=\"og:image:height\" content=\"400\" \/>\n\t<meta property=\"og:image:type\" content=\"image\/jpeg\" \/>\n<meta name=\"twitter:card\" content=\"summary_large_image\" \/>\n<meta name=\"twitter:label1\" content=\"\u63a8\u5b9a\u8aad\u307f\u53d6\u308a\u6642\u9593\" \/>\n\t<meta name=\"twitter:data1\" content=\"2\u5206\" \/>\n<script type=\"application\/ld+json\" class=\"yoast-schema-graph\">{\"@context\":\"https:\\\/\\\/schema.org\",\"@graph\":[{\"@type\":\"WebPage\",\"@id\":\"https:\\\/\\\/fincalosaljibes.com\\\/ja\\\/product\\\/selectus-magnum-15-l\\\/\",\"url\":\"https:\\\/\\\/fincalosaljibes.com\\\/ja\\\/product\\\/selectus-magnum-15-l\\\/\",\"name\":\"SELECTUS 2016 MAGNUM 1,5 L | Finca Los Aljibes\",\"isPartOf\":{\"@id\":\"https:\\\/\\\/fincalosaljibes.com\\\/ja\\\/#website\"},\"primaryImageOfPage\":{\"@id\":\"https:\\\/\\\/fincalosaljibes.com\\\/ja\\\/product\\\/selectus-magnum-15-l\\\/#primaryimage\"},\"image\":{\"@id\":\"https:\\\/\\\/fincalosaljibes.com\\\/ja\\\/product\\\/selectus-magnum-15-l\\\/#primaryimage\"},\"thumbnailUrl\":\"https:\\\/\\\/fincalosaljibes.com\\\/wp-content\\\/uploads\\\/2022\\\/09\\\/SELECTUS-MAGNUM.jpg\",\"datePublished\":\"2022-09-05T09:13:35+00:00\",\"dateModified\":\"2025-09-27T12:16:11+00:00\",\"breadcrumb\":{\"@id\":\"https:\\\/\\\/fincalosaljibes.com\\\/ja\\\/product\\\/selectus-magnum-15-l\\\/#breadcrumb\"},\"inLanguage\":\"ja\",\"potentialAction\":[{\"@type\":\"ReadAction\",\"target\":[\"https:\\\/\\\/fincalosaljibes.com\\\/ja\\\/product\\\/selectus-magnum-15-l\\\/\"]}]},{\"@type\":\"ImageObject\",\"inLanguage\":\"ja\",\"@id\":\"https:\\\/\\\/fincalosaljibes.com\\\/ja\\\/product\\\/selectus-magnum-15-l\\\/#primaryimage\",\"url\":\"https:\\\/\\\/fincalosaljibes.com\\\/wp-content\\\/uploads\\\/2022\\\/09\\\/SELECTUS-MAGNUM.jpg\",\"contentUrl\":\"https:\\\/\\\/fincalosaljibes.com\\\/wp-content\\\/uploads\\\/2022\\\/09\\\/SELECTUS-MAGNUM.jpg\",\"width\":400,\"height\":400},{\"@type\":\"BreadcrumbList\",\"@id\":\"https:\\\/\\\/fincalosaljibes.com\\\/ja\\\/product\\\/selectus-magnum-15-l\\\/#breadcrumb\",\"itemListElement\":[{\"@type\":\"ListItem\",\"position\":1,\"name\":\"Portada\",\"item\":\"https:\\\/\\\/fincalosaljibes.com\\\/ja\\\/\"},{\"@type\":\"ListItem\",\"position\":2,\"name\":\"\u30b7\u30e7\u30c3\u30d7\",\"item\":\"https:\\\/\\\/fincalosaljibes.com\\\/ja\\\/%e3%82%b7%e3%83%a7%e3%83%83%e3%83%97\\\/\"},{\"@type\":\"ListItem\",\"position\":3,\"name\":\"SELECTUS 2016 MAGNUM 1,5 L\"}]},{\"@type\":\"WebSite\",\"@id\":\"https:\\\/\\\/fincalosaljibes.com\\\/ja\\\/#website\",\"url\":\"https:\\\/\\\/fincalosaljibes.com\\\/ja\\\/\",\"name\":\"Finca Los Aljibes\",\"description\":\"Bodega de vinos, enoturismo, visitas a la bodega y finca para celebrar bodas y eventos\",\"publisher\":{\"@id\":\"https:\\\/\\\/fincalosaljibes.com\\\/ja\\\/#organization\"},\"alternateName\":\"Bodega Los Aljibes\",\"potentialAction\":[{\"@type\":\"SearchAction\",\"target\":{\"@type\":\"EntryPoint\",\"urlTemplate\":\"https:\\\/\\\/fincalosaljibes.com\\\/ja\\\/?s={search_term_string}\"},\"query-input\":{\"@type\":\"PropertyValueSpecification\",\"valueRequired\":true,\"valueName\":\"search_term_string\"}}],\"inLanguage\":\"ja\"},{\"@type\":\"Organization\",\"@id\":\"https:\\\/\\\/fincalosaljibes.com\\\/ja\\\/#organization\",\"name\":\"Bodega Finca Los Aljibes\",\"alternateName\":\"Bodega Los Aljibes\",\"url\":\"https:\\\/\\\/fincalosaljibes.com\\\/ja\\\/\",\"logo\":{\"@type\":\"ImageObject\",\"inLanguage\":\"ja\",\"@id\":\"https:\\\/\\\/fincalosaljibes.com\\\/ja\\\/#\\\/schema\\\/logo\\\/image\\\/\",\"url\":\"https:\\\/\\\/fincalosaljibes.com\\\/wp-content\\\/uploads\\\/2025\\\/06\\\/LOGO-FINCA-LOS-ALJIBES.png\",\"contentUrl\":\"https:\\\/\\\/fincalosaljibes.com\\\/wp-content\\\/uploads\\\/2025\\\/06\\\/LOGO-FINCA-LOS-ALJIBES.png\",\"width\":1207,\"height\":894,\"caption\":\"Bodega Finca Los Aljibes\"},\"image\":{\"@id\":\"https:\\\/\\\/fincalosaljibes.com\\\/ja\\\/#\\\/schema\\\/logo\\\/image\\\/\"},\"sameAs\":[\"https:\\\/\\\/www.facebook.com\\\/bodegalosaljibes\\\/\",\"https:\\\/\\\/www.instagram.com\\\/losaljibes\\\/\",\"https:\\\/\\\/www.linkedin.com\\\/company\\\/los-aljibes\\\/\",\"https:\\\/\\\/www.youtube.com\\\/channel\\\/UCqYK8s9Xmfj2C1k6xCGODOw\"]}]}<\/script>\n<!-- \/ Yoast SEO plugin. -->","yoast_head_json":{"title":"SELECTUS 2016 MAGNUM 1,5 L | Finca Los Aljibes","robots":{"index":"index","follow":"follow","max-snippet":"max-snippet:-1","max-image-preview":"max-image-preview:large","max-video-preview":"max-video-preview:-1"},"canonical":"https:\/\/fincalosaljibes.com\/ja\/product\/selectus-magnum-15-l\/","og_locale":"ja_JP","og_type":"article","og_title":"SELECTUS 2016 MAGNUM 1,5 L | Finca Los Aljibes","og_description":"Selectus es un vino de autor, la m\u00e1s alta expresi\u00f3n de las cepas Syrah, Cabernet Franc, Cabernet Sauvignon y Merlot. La selecci\u00f3n de las mejores barricas de cada una de las variedades. Los vinos \u201cde l\u00e1grima\u201d extra\u00eddos pasan a barricas nuevas de roble franc\u00e9s donde hacen la malol\u00e1ctica y su crianza.  El posterior coupage se hace en tinas de roble franc\u00e9s de 10.000 litros de capacidad.\u00a0Se elaboran muy pocas botellas de este espl\u00e9ndido vino, y s\u00f3lo si el a\u00f1o ha sido de calidad excepcional.\u00a0De corte muy vanguardista, potente y espectacular, vigoroso y sublime, emociona y transmite sensaciones a todos los sentidos.  El gran dise\u00f1ador \u00d3scar Marin\u00e9 ha creado su etiqueta,\u00a0vistiendo a Selectus de una manera rompedora, elegante, moderna y equilibrada, como el vino al que adorna. De intenso color cereza picota.  La fermentaci\u00f3n malol\u00e1ctica y envejecimiento en barrica nueva de roble franc\u00e9s aporta a Selectus una nariz \u00fanica con complejos aromas bals\u00e1micos, minerales y caf\u00e9 con leche.\u00a0En boca muestra gran volumen y estructura en la que destacan los taninos suaves y maduros.  [addtoany]","og_url":"https:\/\/fincalosaljibes.com\/ja\/product\/selectus-magnum-15-l\/","og_site_name":"Finca Los Aljibes","article_publisher":"https:\/\/www.facebook.com\/bodegalosaljibes\/","article_modified_time":"2025-09-27T12:16:11+00:00","og_image":[{"width":400,"height":400,"url":"https:\/\/fincalosaljibes.com\/wp-content\/uploads\/2022\/09\/SELECTUS-MAGNUM.jpg","type":"image\/jpeg"}],"twitter_card":"summary_large_image","twitter_misc":{"\u63a8\u5b9a\u8aad\u307f\u53d6\u308a\u6642\u9593":"2\u5206"},"schema":{"@context":"https:\/\/schema.org","@graph":[{"@type":"WebPage","@id":"https:\/\/fincalosaljibes.com\/ja\/product\/selectus-magnum-15-l\/","url":"https:\/\/fincalosaljibes.com\/ja\/product\/selectus-magnum-15-l\/","name":"SELECTUS 2016 MAGNUM 1,5 L | Finca Los Aljibes","isPartOf":{"@id":"https:\/\/fincalosaljibes.com\/ja\/#website"},"primaryImageOfPage":{"@id":"https:\/\/fincalosaljibes.com\/ja\/product\/selectus-magnum-15-l\/#primaryimage"},"image":{"@id":"https:\/\/fincalosaljibes.com\/ja\/product\/selectus-magnum-15-l\/#primaryimage"},"thumbnailUrl":"https:\/\/fincalosaljibes.com\/wp-content\/uploads\/2022\/09\/SELECTUS-MAGNUM.jpg","datePublished":"2022-09-05T09:13:35+00:00","dateModified":"2025-09-27T12:16:11+00:00","breadcrumb":{"@id":"https:\/\/fincalosaljibes.com\/ja\/product\/selectus-magnum-15-l\/#breadcrumb"},"inLanguage":"ja","potentialAction":[{"@type":"ReadAction","target":["https:\/\/fincalosaljibes.com\/ja\/product\/selectus-magnum-15-l\/"]}]},{"@type":"ImageObject","inLanguage":"ja","@id":"https:\/\/fincalosaljibes.com\/ja\/product\/selectus-magnum-15-l\/#primaryimage","url":"https:\/\/fincalosaljibes.com\/wp-content\/uploads\/2022\/09\/SELECTUS-MAGNUM.jpg","contentUrl":"https:\/\/fincalosaljibes.com\/wp-content\/uploads\/2022\/09\/SELECTUS-MAGNUM.jpg","width":400,"height":400},{"@type":"BreadcrumbList","@id":"https:\/\/fincalosaljibes.com\/ja\/product\/selectus-magnum-15-l\/#breadcrumb","itemListElement":[{"@type":"ListItem","position":1,"name":"Portada","item":"https:\/\/fincalosaljibes.com\/ja\/"},{"@type":"ListItem","position":2,"name":"\u30b7\u30e7\u30c3\u30d7","item":"https:\/\/fincalosaljibes.com\/ja\/%e3%82%b7%e3%83%a7%e3%83%83%e3%83%97\/"},{"@type":"ListItem","position":3,"name":"SELECTUS 2016 MAGNUM 1,5 L"}]},{"@type":"WebSite","@id":"https:\/\/fincalosaljibes.com\/ja\/#website","url":"https:\/\/fincalosaljibes.com\/ja\/","name":"Finca Los Aljibes","description":"Bodega de vinos, enoturismo, visitas a la bodega y finca para celebrar bodas y eventos","publisher":{"@id":"https:\/\/fincalosaljibes.com\/ja\/#organization"},"alternateName":"Bodega Los Aljibes","potentialAction":[{"@type":"SearchAction","target":{"@type":"EntryPoint","urlTemplate":"https:\/\/fincalosaljibes.com\/ja\/?s={search_term_string}"},"query-input":{"@type":"PropertyValueSpecification","valueRequired":true,"valueName":"search_term_string"}}],"inLanguage":"ja"},{"@type":"Organization","@id":"https:\/\/fincalosaljibes.com\/ja\/#organization","name":"Bodega Finca Los Aljibes","alternateName":"Bodega Los Aljibes","url":"https:\/\/fincalosaljibes.com\/ja\/","logo":{"@type":"ImageObject","inLanguage":"ja","@id":"https:\/\/fincalosaljibes.com\/ja\/#\/schema\/logo\/image\/","url":"https:\/\/fincalosaljibes.com\/wp-content\/uploads\/2025\/06\/LOGO-FINCA-LOS-ALJIBES.png","contentUrl":"https:\/\/fincalosaljibes.com\/wp-content\/uploads\/2025\/06\/LOGO-FINCA-LOS-ALJIBES.png","width":1207,"height":894,"caption":"Bodega Finca Los Aljibes"},"image":{"@id":"https:\/\/fincalosaljibes.com\/ja\/#\/schema\/logo\/image\/"},"sameAs":["https:\/\/www.facebook.com\/bodegalosaljibes\/","https:\/\/www.instagram.com\/losaljibes\/","https:\/\/www.linkedin.com\/company\/los-aljibes\/","https:\/\/www.youtube.com\/channel\/UCqYK8s9Xmfj2C1k6xCGODOw"]}]}},"_links":{"self":[{"href":"https:\/\/fincalosaljibes.com\/ja\/wp-json\/wp\/v2\/product\/11498","targetHints":{"allow":["GET"]}}],"collection":[{"href":"https:\/\/fincalosaljibes.com\/ja\/wp-json\/wp\/v2\/product"}],"about":[{"href":"https:\/\/fincalosaljibes.com\/ja\/wp-json\/wp\/v2\/types\/product"}],"wp:featuredmedia":[{"embeddable":true,"href":"https:\/\/fincalosaljibes.com\/ja\/wp-json\/wp\/v2\/media\/11562"}],"wp:attachment":[{"href":"https:\/\/fincalosaljibes.com\/ja\/wp-json\/wp\/v2\/media?parent=11498"}],"wp:term":[{"taxonomy":"product_brand","embeddable":true,"href":"https:\/\/fincalosaljibes.com\/ja\/wp-json\/wp\/v2\/product_brand?post=11498"},{"taxonomy":"product_cat","embeddable":true,"href":"https:\/\/fincalosaljibes.com\/ja\/wp-json\/wp\/v2\/product_cat?post=11498"},{"taxonomy":"product_tag","embeddable":true,"href":"https:\/\/fincalosaljibes.com\/ja\/wp-json\/wp\/v2\/product_tag?post=11498"}],"curies":[{"name":"wp","href":"https:\/\/api.w.org\/{rel}","templated":true}]}}