{"id":13828,"date":"2025-04-01T11:46:47","date_gmt":"2025-04-01T09:46:47","guid":{"rendered":"https:\/\/fincalosaljibes.com\/?post_type=product&#038;p=13828"},"modified":"2025-04-11T11:17:54","modified_gmt":"2025-04-11T09:17:54","slug":"esencia-de-lavanda","status":"publish","type":"product","link":"https:\/\/fincalosaljibes.com\/product\/esencia-de-lavanda\/","title":{"rendered":"Esencia de Lavanda"},"content":{"rendered":"<p>Las propiedades del aceite esencial de lavanda son variadas y ampliamente reconocidas. Algunas de las propiedades m\u00e1s destacadas son las siguientes: Propiedades relajantes y sedantes: El aceite esencial de lavanda es conocido por su capacidad para promover la relajaci\u00f3n y aliviar el estr\u00e9s y la ansiedad. Su aroma suave y floral tiene un efecto calmante en el sistema nervioso, lo que ayuda a reducir la tensi\u00f3n y promover la tranquilidad. Propiedades para mejorar el sue\u00f1o: El aceite esencial de lavanda es conocido por sus propiedades para promover el sue\u00f1o y mejorar la calidad del descanso. Su aroma relajante puede ayudar a inducir el sue\u00f1o, aliviar el insomnio y favorecer un sue\u00f1o m\u00e1s reparador. Destacar que los efectos pueden variar de una persona a otra, y es importante utilizar el aceite de manera adecuada y siguiendo las indicaciones de uso recomendadas.<\/p>\n<p>&nbsp;<\/p>\n<p><strong>SOBRE NUESTRA ESENCIA DE LAVANDA<\/strong><\/p>\n<p><a href=\"https:\/\/fincalosaljibes.com\/wp-content\/uploads\/2023\/06\/ESENCIA-LAVANDA-ACTUALIZADO.pdf\">Descargar PDF<\/a><\/p>\n","protected":false},"excerpt":{"rendered":"<p><strong>Esencia de Lavanda extra\u00edda de los campos de lavanda de Finca Los Aljibes<\/strong><\/p>\n","protected":false},"featured_media":13883,"template":"","meta":[],"product_brand":[],"product_cat":[336],"product_tag":[],"class_list":{"0":"post-13828","1":"product","2":"type-product","3":"status-publish","4":"has-post-thumbnail","6":"product_cat-otros","7":"member-discount","8":"discount-restricted","10":"first","11":"instock","12":"taxable","13":"shipping-taxable","14":"purchasable","15":"product-type-simple"},"bundled_by":[],"bundle_stock_status":"instock","bundle_stock_quantity":null,"bundle_virtual":false,"bundle_layout":"","bundle_add_to_cart_form_location":"","bundle_editable_in_cart":false,"bundle_sold_individually_context":"","bundle_item_grouping":"","bundle_min_size":"","bundle_max_size":"","bundle_price":[],"bundled_items":[],"bundle_sell_ids":[],"booking_location":null,"booking_location_type":null,"booking_duration":null,"booking_duration_unit":null,"booking_buffer":null,"booking_cost":null,"booking_resources":null,"group_of_quantity":0,"min_quantity":0,"max_quantity":"","exclude_order_quantity_value_rules":"yes","exclude_category_quantity_rules":"yes","combine_variations":"no","yoast_head":"<!-- This site is optimized with the Yoast SEO plugin v27.5 - https:\/\/yoast.com\/product\/yoast-seo-wordpress\/ -->\n<title>Esencia de Lavanda | Finca Los Aljibes<\/title>\n<meta name=\"robots\" content=\"index, follow, max-snippet:-1, max-image-preview:large, max-video-preview:-1\" \/>\n<link rel=\"canonical\" href=\"https:\/\/fincalosaljibes.com\/ja\/product\/esencia-de-lavanda\/\" \/>\n<meta property=\"og:locale\" content=\"ja_JP\" \/>\n<meta property=\"og:type\" content=\"article\" \/>\n<meta property=\"og:title\" content=\"Esencia de Lavanda | Finca Los Aljibes\" \/>\n<meta property=\"og:description\" content=\"Esencia de Lavanda extra\u00edda de los campos de lavanda de Finca Los Aljibes\" \/>\n<meta property=\"og:url\" content=\"https:\/\/fincalosaljibes.com\/product\/esencia-de-lavanda\/\" \/>\n<meta property=\"og:site_name\" content=\"Finca Los Aljibes\" \/>\n<meta property=\"article:publisher\" content=\"https:\/\/www.facebook.com\/bodegalosaljibes\/\" \/>\n<meta property=\"article:modified_time\" content=\"2025-04-11T09:17:54+00:00\" \/>\n<meta property=\"og:image\" content=\"https:\/\/fincalosaljibes.com\/wp-content\/uploads\/2025\/04\/ESENCIA-DE-LAVANDA-ALJIBES-2.jpg\" \/>\n\t<meta property=\"og:image:width\" content=\"1080\" \/>\n\t<meta property=\"og:image:height\" content=\"1080\" \/>\n\t<meta property=\"og:image:type\" content=\"image\/jpeg\" \/>\n<meta name=\"twitter:card\" content=\"summary_large_image\" \/>\n<meta name=\"twitter:label1\" content=\"\u63a8\u5b9a\u8aad\u307f\u53d6\u308a\u6642\u9593\" \/>\n\t<meta name=\"twitter:data1\" content=\"1\u5206\" \/>\n<script type=\"application\/ld+json\" class=\"yoast-schema-graph\">{\"@context\":\"https:\\\/\\\/schema.org\",\"@graph\":[{\"@type\":\"WebPage\",\"@id\":\"https:\\\/\\\/fincalosaljibes.com\\\/product\\\/esencia-de-lavanda\\\/\",\"url\":\"https:\\\/\\\/fincalosaljibes.com\\\/product\\\/esencia-de-lavanda\\\/\",\"name\":\"Esencia de Lavanda | Finca Los Aljibes\",\"isPartOf\":{\"@id\":\"https:\\\/\\\/fincalosaljibes.com\\\/ja\\\/#website\"},\"primaryImageOfPage\":{\"@id\":\"https:\\\/\\\/fincalosaljibes.com\\\/product\\\/esencia-de-lavanda\\\/#primaryimage\"},\"image\":{\"@id\":\"https:\\\/\\\/fincalosaljibes.com\\\/product\\\/esencia-de-lavanda\\\/#primaryimage\"},\"thumbnailUrl\":\"https:\\\/\\\/fincalosaljibes.com\\\/wp-content\\\/uploads\\\/2025\\\/04\\\/ESENCIA-DE-LAVANDA-ALJIBES-2.jpg\",\"datePublished\":\"2025-04-01T09:46:47+00:00\",\"dateModified\":\"2025-04-11T09:17:54+00:00\",\"breadcrumb\":{\"@id\":\"https:\\\/\\\/fincalosaljibes.com\\\/product\\\/esencia-de-lavanda\\\/#breadcrumb\"},\"inLanguage\":\"ja\",\"potentialAction\":[{\"@type\":\"ReadAction\",\"target\":[\"https:\\\/\\\/fincalosaljibes.com\\\/product\\\/esencia-de-lavanda\\\/\"]}]},{\"@type\":\"ImageObject\",\"inLanguage\":\"ja\",\"@id\":\"https:\\\/\\\/fincalosaljibes.com\\\/product\\\/esencia-de-lavanda\\\/#primaryimage\",\"url\":\"https:\\\/\\\/fincalosaljibes.com\\\/wp-content\\\/uploads\\\/2025\\\/04\\\/ESENCIA-DE-LAVANDA-ALJIBES-2.jpg\",\"contentUrl\":\"https:\\\/\\\/fincalosaljibes.com\\\/wp-content\\\/uploads\\\/2025\\\/04\\\/ESENCIA-DE-LAVANDA-ALJIBES-2.jpg\",\"width\":1080,\"height\":1080},{\"@type\":\"BreadcrumbList\",\"@id\":\"https:\\\/\\\/fincalosaljibes.com\\\/product\\\/esencia-de-lavanda\\\/#breadcrumb\",\"itemListElement\":[{\"@type\":\"ListItem\",\"position\":1,\"name\":\"Portada\",\"item\":\"https:\\\/\\\/fincalosaljibes.com\\\/ja\\\/\"},{\"@type\":\"ListItem\",\"position\":2,\"name\":\"\u30b7\u30e7\u30c3\u30d7\",\"item\":\"https:\\\/\\\/fincalosaljibes.com\\\/ja\\\/%e3%82%b7%e3%83%a7%e3%83%83%e3%83%97\\\/\"},{\"@type\":\"ListItem\",\"position\":3,\"name\":\"Esencia de Lavanda\"}]},{\"@type\":\"WebSite\",\"@id\":\"https:\\\/\\\/fincalosaljibes.com\\\/ja\\\/#website\",\"url\":\"https:\\\/\\\/fincalosaljibes.com\\\/ja\\\/\",\"name\":\"Finca Los Aljibes\",\"description\":\"Bodega de vinos, enoturismo, visitas a la bodega y finca para celebrar bodas y eventos\",\"publisher\":{\"@id\":\"https:\\\/\\\/fincalosaljibes.com\\\/ja\\\/#organization\"},\"alternateName\":\"Bodega Los Aljibes\",\"potentialAction\":[{\"@type\":\"SearchAction\",\"target\":{\"@type\":\"EntryPoint\",\"urlTemplate\":\"https:\\\/\\\/fincalosaljibes.com\\\/ja\\\/?s={search_term_string}\"},\"query-input\":{\"@type\":\"PropertyValueSpecification\",\"valueRequired\":true,\"valueName\":\"search_term_string\"}}],\"inLanguage\":\"ja\"},{\"@type\":\"Organization\",\"@id\":\"https:\\\/\\\/fincalosaljibes.com\\\/ja\\\/#organization\",\"name\":\"Bodega Finca Los Aljibes\",\"alternateName\":\"Bodega Los Aljibes\",\"url\":\"https:\\\/\\\/fincalosaljibes.com\\\/ja\\\/\",\"logo\":{\"@type\":\"ImageObject\",\"inLanguage\":\"ja\",\"@id\":\"https:\\\/\\\/fincalosaljibes.com\\\/ja\\\/#\\\/schema\\\/logo\\\/image\\\/\",\"url\":\"https:\\\/\\\/fincalosaljibes.com\\\/wp-content\\\/uploads\\\/2025\\\/06\\\/LOGO-FINCA-LOS-ALJIBES.png\",\"contentUrl\":\"https:\\\/\\\/fincalosaljibes.com\\\/wp-content\\\/uploads\\\/2025\\\/06\\\/LOGO-FINCA-LOS-ALJIBES.png\",\"width\":1207,\"height\":894,\"caption\":\"Bodega Finca Los Aljibes\"},\"image\":{\"@id\":\"https:\\\/\\\/fincalosaljibes.com\\\/ja\\\/#\\\/schema\\\/logo\\\/image\\\/\"},\"sameAs\":[\"https:\\\/\\\/www.facebook.com\\\/bodegalosaljibes\\\/\",\"https:\\\/\\\/www.instagram.com\\\/losaljibes\\\/\",\"https:\\\/\\\/www.linkedin.com\\\/company\\\/los-aljibes\\\/\",\"https:\\\/\\\/www.youtube.com\\\/channel\\\/UCqYK8s9Xmfj2C1k6xCGODOw\"]}]}<\/script>\n<!-- \/ Yoast SEO plugin. -->","yoast_head_json":{"title":"Esencia de Lavanda | Finca Los Aljibes","robots":{"index":"index","follow":"follow","max-snippet":"max-snippet:-1","max-image-preview":"max-image-preview:large","max-video-preview":"max-video-preview:-1"},"canonical":"https:\/\/fincalosaljibes.com\/ja\/product\/esencia-de-lavanda\/","og_locale":"ja_JP","og_type":"article","og_title":"Esencia de Lavanda | Finca Los Aljibes","og_description":"Esencia de Lavanda extra\u00edda de los campos de lavanda de Finca Los Aljibes","og_url":"https:\/\/fincalosaljibes.com\/product\/esencia-de-lavanda\/","og_site_name":"Finca Los Aljibes","article_publisher":"https:\/\/www.facebook.com\/bodegalosaljibes\/","article_modified_time":"2025-04-11T09:17:54+00:00","og_image":[{"width":1080,"height":1080,"url":"https:\/\/fincalosaljibes.com\/wp-content\/uploads\/2025\/04\/ESENCIA-DE-LAVANDA-ALJIBES-2.jpg","type":"image\/jpeg"}],"twitter_card":"summary_large_image","twitter_misc":{"\u63a8\u5b9a\u8aad\u307f\u53d6\u308a\u6642\u9593":"1\u5206"},"schema":{"@context":"https:\/\/schema.org","@graph":[{"@type":"WebPage","@id":"https:\/\/fincalosaljibes.com\/product\/esencia-de-lavanda\/","url":"https:\/\/fincalosaljibes.com\/product\/esencia-de-lavanda\/","name":"Esencia de Lavanda | Finca Los Aljibes","isPartOf":{"@id":"https:\/\/fincalosaljibes.com\/ja\/#website"},"primaryImageOfPage":{"@id":"https:\/\/fincalosaljibes.com\/product\/esencia-de-lavanda\/#primaryimage"},"image":{"@id":"https:\/\/fincalosaljibes.com\/product\/esencia-de-lavanda\/#primaryimage"},"thumbnailUrl":"https:\/\/fincalosaljibes.com\/wp-content\/uploads\/2025\/04\/ESENCIA-DE-LAVANDA-ALJIBES-2.jpg","datePublished":"2025-04-01T09:46:47+00:00","dateModified":"2025-04-11T09:17:54+00:00","breadcrumb":{"@id":"https:\/\/fincalosaljibes.com\/product\/esencia-de-lavanda\/#breadcrumb"},"inLanguage":"ja","potentialAction":[{"@type":"ReadAction","target":["https:\/\/fincalosaljibes.com\/product\/esencia-de-lavanda\/"]}]},{"@type":"ImageObject","inLanguage":"ja","@id":"https:\/\/fincalosaljibes.com\/product\/esencia-de-lavanda\/#primaryimage","url":"https:\/\/fincalosaljibes.com\/wp-content\/uploads\/2025\/04\/ESENCIA-DE-LAVANDA-ALJIBES-2.jpg","contentUrl":"https:\/\/fincalosaljibes.com\/wp-content\/uploads\/2025\/04\/ESENCIA-DE-LAVANDA-ALJIBES-2.jpg","width":1080,"height":1080},{"@type":"BreadcrumbList","@id":"https:\/\/fincalosaljibes.com\/product\/esencia-de-lavanda\/#breadcrumb","itemListElement":[{"@type":"ListItem","position":1,"name":"Portada","item":"https:\/\/fincalosaljibes.com\/ja\/"},{"@type":"ListItem","position":2,"name":"\u30b7\u30e7\u30c3\u30d7","item":"https:\/\/fincalosaljibes.com\/ja\/%e3%82%b7%e3%83%a7%e3%83%83%e3%83%97\/"},{"@type":"ListItem","position":3,"name":"Esencia de Lavanda"}]},{"@type":"WebSite","@id":"https:\/\/fincalosaljibes.com\/ja\/#website","url":"https:\/\/fincalosaljibes.com\/ja\/","name":"Finca Los Aljibes","description":"Bodega de vinos, enoturismo, visitas a la bodega y finca para celebrar bodas y eventos","publisher":{"@id":"https:\/\/fincalosaljibes.com\/ja\/#organization"},"alternateName":"Bodega Los Aljibes","potentialAction":[{"@type":"SearchAction","target":{"@type":"EntryPoint","urlTemplate":"https:\/\/fincalosaljibes.com\/ja\/?s={search_term_string}"},"query-input":{"@type":"PropertyValueSpecification","valueRequired":true,"valueName":"search_term_string"}}],"inLanguage":"ja"},{"@type":"Organization","@id":"https:\/\/fincalosaljibes.com\/ja\/#organization","name":"Bodega Finca Los Aljibes","alternateName":"Bodega Los Aljibes","url":"https:\/\/fincalosaljibes.com\/ja\/","logo":{"@type":"ImageObject","inLanguage":"ja","@id":"https:\/\/fincalosaljibes.com\/ja\/#\/schema\/logo\/image\/","url":"https:\/\/fincalosaljibes.com\/wp-content\/uploads\/2025\/06\/LOGO-FINCA-LOS-ALJIBES.png","contentUrl":"https:\/\/fincalosaljibes.com\/wp-content\/uploads\/2025\/06\/LOGO-FINCA-LOS-ALJIBES.png","width":1207,"height":894,"caption":"Bodega Finca Los Aljibes"},"image":{"@id":"https:\/\/fincalosaljibes.com\/ja\/#\/schema\/logo\/image\/"},"sameAs":["https:\/\/www.facebook.com\/bodegalosaljibes\/","https:\/\/www.instagram.com\/losaljibes\/","https:\/\/www.linkedin.com\/company\/los-aljibes\/","https:\/\/www.youtube.com\/channel\/UCqYK8s9Xmfj2C1k6xCGODOw"]}]}},"_links":{"self":[{"href":"https:\/\/fincalosaljibes.com\/ja\/wp-json\/wp\/v2\/product\/13828","targetHints":{"allow":["GET"]}}],"collection":[{"href":"https:\/\/fincalosaljibes.com\/ja\/wp-json\/wp\/v2\/product"}],"about":[{"href":"https:\/\/fincalosaljibes.com\/ja\/wp-json\/wp\/v2\/types\/product"}],"wp:featuredmedia":[{"embeddable":true,"href":"https:\/\/fincalosaljibes.com\/ja\/wp-json\/wp\/v2\/media\/13883"}],"wp:attachment":[{"href":"https:\/\/fincalosaljibes.com\/ja\/wp-json\/wp\/v2\/media?parent=13828"}],"wp:term":[{"taxonomy":"product_brand","embeddable":true,"href":"https:\/\/fincalosaljibes.com\/ja\/wp-json\/wp\/v2\/product_brand?post=13828"},{"taxonomy":"product_cat","embeddable":true,"href":"https:\/\/fincalosaljibes.com\/ja\/wp-json\/wp\/v2\/product_cat?post=13828"},{"taxonomy":"product_tag","embeddable":true,"href":"https:\/\/fincalosaljibes.com\/ja\/wp-json\/wp\/v2\/product_tag?post=13828"}],"curies":[{"name":"wp","href":"https:\/\/api.w.org\/{rel}","templated":true}]}}