{"id":618,"date":"2018-06-15T09:44:55","date_gmt":"2018-06-15T09:44:55","guid":{"rendered":"https:\/\/fincalosaljibes.com\/?post_type=product&#038;p=618"},"modified":"2025-09-27T14:21:31","modified_gmt":"2025-09-27T12:21:31","slug":"aceite-de-oliva-virgen-extra-los-aljibes-garrafa-capacidad-2-l","status":"publish","type":"product","link":"https:\/\/fincalosaljibes.com\/ja\/product\/aceite-de-oliva-virgen-extra-los-aljibes-garrafa-capacidad-2-l\/","title":{"rendered":"ACEITE DE OLIVA VIRGEN EXTRA LOS ALJIBES GARRAFA CAPACIDAD 2 L"},"content":{"rendered":"<h4>DATOS T\u00c9CNICOS<\/h4>\n<p><a class=\"descargar-pdf-producto\" href=\"https:\/\/fincalosaljibes.com\/wp-content\/uploads\/2018\/06\/Espanol_ACEITE-DE-500-ML-REDONDO.pdf\" target=\"_blank\" rel=\"noopener\"><i class=\"fa fa-file-pdf-o\"><\/i> Descargar PDF<\/a><\/p>\n","protected":false},"excerpt":{"rendered":"<p>El aceite de oliva virgen extra Los Aljibes, se obtiene de aceitunas seleccionadas de la Finca Los Aljibes.<\/p>\n<p>Las variedades utilizadas para su elaboraci\u00f3n son Arbequina y Picual. Obtenido exclusivamente por procesos mec\u00e1nicos mediante extracci\u00f3n en fr\u00edo<\/p>\n<p>La intensidad de la picual se compensa con la frescura de la arbequina, en este original aceite.<\/p>\n<p>[addtoany]<\/p>\n","protected":false},"featured_media":10572,"template":"","meta":[],"product_brand":[],"product_cat":[303],"product_tag":[],"class_list":{"0":"post-618","1":"product","2":"type-product","3":"status-publish","4":"has-post-thumbnail","6":"product_cat-aceite","7":"member-discount","8":"discount-restricted","10":"first","11":"instock","12":"taxable","13":"shipping-taxable","14":"purchasable","15":"product-type-simple"},"bundled_by":[],"bundle_stock_status":"instock","bundle_stock_quantity":null,"bundle_virtual":false,"bundle_layout":"","bundle_add_to_cart_form_location":"","bundle_editable_in_cart":false,"bundle_sold_individually_context":"","bundle_item_grouping":"","bundle_min_size":"","bundle_max_size":"","bundle_price":[],"bundled_items":[],"bundle_sell_ids":[],"booking_location":null,"booking_location_type":null,"booking_duration":null,"booking_duration_unit":null,"booking_buffer":null,"booking_cost":null,"booking_resources":null,"group_of_quantity":6,"min_quantity":6,"max_quantity":"","exclude_order_quantity_value_rules":"yes","exclude_category_quantity_rules":"yes","combine_variations":"no","yoast_head":"<!-- This site is optimized with the Yoast SEO plugin v27.3 - https:\/\/yoast.com\/product\/yoast-seo-wordpress\/ -->\n<title>ACEITE DE OLIVA VIRGEN EXTRA LOS ALJIBES GARRAFA CAPACIDAD 2 L | Finca Los Aljibes<\/title>\n<meta name=\"robots\" content=\"index, follow, max-snippet:-1, max-image-preview:large, max-video-preview:-1\" \/>\n<link rel=\"canonical\" href=\"https:\/\/fincalosaljibes.com\/ja\/product\/aceite-de-oliva-virgen-extra-los-aljibes-garrafa-capacidad-2-l\/\" \/>\n<meta property=\"og:locale\" content=\"ja_JP\" \/>\n<meta property=\"og:type\" content=\"article\" \/>\n<meta property=\"og:title\" content=\"ACEITE DE OLIVA VIRGEN EXTRA LOS ALJIBES GARRAFA CAPACIDAD 2 L | Finca Los Aljibes\" \/>\n<meta property=\"og:description\" content=\"El aceite de oliva virgen extra Los Aljibes, se obtiene de aceitunas seleccionadas de la Finca Los Aljibes.  Las variedades utilizadas para su elaboraci\u00f3n son Arbequina y Picual. Obtenido exclusivamente por procesos mec\u00e1nicos mediante extracci\u00f3n en fr\u00edo  La intensidad de la picual se compensa con la frescura de la arbequina, en este original aceite.  [addtoany]\" \/>\n<meta property=\"og:url\" content=\"https:\/\/fincalosaljibes.com\/ja\/product\/aceite-de-oliva-virgen-extra-los-aljibes-garrafa-capacidad-2-l\/\" \/>\n<meta property=\"og:site_name\" content=\"Finca Los Aljibes\" \/>\n<meta property=\"article:publisher\" content=\"https:\/\/www.facebook.com\/bodegalosaljibes\/\" \/>\n<meta property=\"article:modified_time\" content=\"2025-09-27T12:21:31+00:00\" \/>\n<meta property=\"og:image\" content=\"https:\/\/fincalosaljibes.com\/wp-content\/uploads\/2018\/06\/aljibes-aceite-de-oliva-virgen-extra-garrafa-2-litros.png\" \/>\n\t<meta property=\"og:image:width\" content=\"400\" \/>\n\t<meta property=\"og:image:height\" content=\"400\" \/>\n\t<meta property=\"og:image:type\" content=\"image\/png\" \/>\n<meta name=\"twitter:card\" content=\"summary_large_image\" \/>\n<meta name=\"twitter:label1\" content=\"\u63a8\u5b9a\u8aad\u307f\u53d6\u308a\u6642\u9593\" \/>\n\t<meta name=\"twitter:data1\" content=\"1\u5206\" \/>\n<script type=\"application\/ld+json\" class=\"yoast-schema-graph\">{\"@context\":\"https:\\\/\\\/schema.org\",\"@graph\":[{\"@type\":\"WebPage\",\"@id\":\"https:\\\/\\\/fincalosaljibes.com\\\/ja\\\/product\\\/aceite-de-oliva-virgen-extra-los-aljibes-garrafa-capacidad-2-l\\\/\",\"url\":\"https:\\\/\\\/fincalosaljibes.com\\\/ja\\\/product\\\/aceite-de-oliva-virgen-extra-los-aljibes-garrafa-capacidad-2-l\\\/\",\"name\":\"ACEITE DE OLIVA VIRGEN EXTRA LOS ALJIBES GARRAFA CAPACIDAD 2 L | Finca Los Aljibes\",\"isPartOf\":{\"@id\":\"https:\\\/\\\/fincalosaljibes.com\\\/ja\\\/#website\"},\"primaryImageOfPage\":{\"@id\":\"https:\\\/\\\/fincalosaljibes.com\\\/ja\\\/product\\\/aceite-de-oliva-virgen-extra-los-aljibes-garrafa-capacidad-2-l\\\/#primaryimage\"},\"image\":{\"@id\":\"https:\\\/\\\/fincalosaljibes.com\\\/ja\\\/product\\\/aceite-de-oliva-virgen-extra-los-aljibes-garrafa-capacidad-2-l\\\/#primaryimage\"},\"thumbnailUrl\":\"https:\\\/\\\/fincalosaljibes.com\\\/wp-content\\\/uploads\\\/2018\\\/06\\\/aljibes-aceite-de-oliva-virgen-extra-garrafa-2-litros.png\",\"datePublished\":\"2018-06-15T09:44:55+00:00\",\"dateModified\":\"2025-09-27T12:21:31+00:00\",\"breadcrumb\":{\"@id\":\"https:\\\/\\\/fincalosaljibes.com\\\/ja\\\/product\\\/aceite-de-oliva-virgen-extra-los-aljibes-garrafa-capacidad-2-l\\\/#breadcrumb\"},\"inLanguage\":\"ja\",\"potentialAction\":[{\"@type\":\"ReadAction\",\"target\":[\"https:\\\/\\\/fincalosaljibes.com\\\/ja\\\/product\\\/aceite-de-oliva-virgen-extra-los-aljibes-garrafa-capacidad-2-l\\\/\"]}]},{\"@type\":\"ImageObject\",\"inLanguage\":\"ja\",\"@id\":\"https:\\\/\\\/fincalosaljibes.com\\\/ja\\\/product\\\/aceite-de-oliva-virgen-extra-los-aljibes-garrafa-capacidad-2-l\\\/#primaryimage\",\"url\":\"https:\\\/\\\/fincalosaljibes.com\\\/wp-content\\\/uploads\\\/2018\\\/06\\\/aljibes-aceite-de-oliva-virgen-extra-garrafa-2-litros.png\",\"contentUrl\":\"https:\\\/\\\/fincalosaljibes.com\\\/wp-content\\\/uploads\\\/2018\\\/06\\\/aljibes-aceite-de-oliva-virgen-extra-garrafa-2-litros.png\",\"width\":400,\"height\":400},{\"@type\":\"BreadcrumbList\",\"@id\":\"https:\\\/\\\/fincalosaljibes.com\\\/ja\\\/product\\\/aceite-de-oliva-virgen-extra-los-aljibes-garrafa-capacidad-2-l\\\/#breadcrumb\",\"itemListElement\":[{\"@type\":\"ListItem\",\"position\":1,\"name\":\"Portada\",\"item\":\"https:\\\/\\\/fincalosaljibes.com\\\/ja\\\/\"},{\"@type\":\"ListItem\",\"position\":2,\"name\":\"\u30b7\u30e7\u30c3\u30d7\",\"item\":\"https:\\\/\\\/fincalosaljibes.com\\\/ja\\\/%e3%82%b7%e3%83%a7%e3%83%83%e3%83%97\\\/\"},{\"@type\":\"ListItem\",\"position\":3,\"name\":\"ACEITE DE OLIVA VIRGEN EXTRA LOS ALJIBES GARRAFA CAPACIDAD 2 L\"}]},{\"@type\":\"WebSite\",\"@id\":\"https:\\\/\\\/fincalosaljibes.com\\\/ja\\\/#website\",\"url\":\"https:\\\/\\\/fincalosaljibes.com\\\/ja\\\/\",\"name\":\"Finca Los Aljibes\",\"description\":\"Bodega de vinos, enoturismo, visitas a la bodega y finca para celebrar bodas y eventos\",\"publisher\":{\"@id\":\"https:\\\/\\\/fincalosaljibes.com\\\/ja\\\/#organization\"},\"alternateName\":\"Bodega Los Aljibes\",\"potentialAction\":[{\"@type\":\"SearchAction\",\"target\":{\"@type\":\"EntryPoint\",\"urlTemplate\":\"https:\\\/\\\/fincalosaljibes.com\\\/ja\\\/?s={search_term_string}\"},\"query-input\":{\"@type\":\"PropertyValueSpecification\",\"valueRequired\":true,\"valueName\":\"search_term_string\"}}],\"inLanguage\":\"ja\"},{\"@type\":\"Organization\",\"@id\":\"https:\\\/\\\/fincalosaljibes.com\\\/ja\\\/#organization\",\"name\":\"Bodega Finca Los Aljibes\",\"alternateName\":\"Bodega Los Aljibes\",\"url\":\"https:\\\/\\\/fincalosaljibes.com\\\/ja\\\/\",\"logo\":{\"@type\":\"ImageObject\",\"inLanguage\":\"ja\",\"@id\":\"https:\\\/\\\/fincalosaljibes.com\\\/ja\\\/#\\\/schema\\\/logo\\\/image\\\/\",\"url\":\"https:\\\/\\\/fincalosaljibes.com\\\/wp-content\\\/uploads\\\/2025\\\/06\\\/LOGO-FINCA-LOS-ALJIBES.png\",\"contentUrl\":\"https:\\\/\\\/fincalosaljibes.com\\\/wp-content\\\/uploads\\\/2025\\\/06\\\/LOGO-FINCA-LOS-ALJIBES.png\",\"width\":1207,\"height\":894,\"caption\":\"Bodega Finca Los Aljibes\"},\"image\":{\"@id\":\"https:\\\/\\\/fincalosaljibes.com\\\/ja\\\/#\\\/schema\\\/logo\\\/image\\\/\"},\"sameAs\":[\"https:\\\/\\\/www.facebook.com\\\/bodegalosaljibes\\\/\",\"https:\\\/\\\/www.instagram.com\\\/losaljibes\\\/\",\"https:\\\/\\\/www.linkedin.com\\\/company\\\/los-aljibes\\\/\",\"https:\\\/\\\/www.youtube.com\\\/channel\\\/UCqYK8s9Xmfj2C1k6xCGODOw\"]}]}<\/script>\n<!-- \/ Yoast SEO plugin. -->","yoast_head_json":{"title":"ACEITE DE OLIVA VIRGEN EXTRA LOS ALJIBES GARRAFA CAPACIDAD 2 L | Finca Los Aljibes","robots":{"index":"index","follow":"follow","max-snippet":"max-snippet:-1","max-image-preview":"max-image-preview:large","max-video-preview":"max-video-preview:-1"},"canonical":"https:\/\/fincalosaljibes.com\/ja\/product\/aceite-de-oliva-virgen-extra-los-aljibes-garrafa-capacidad-2-l\/","og_locale":"ja_JP","og_type":"article","og_title":"ACEITE DE OLIVA VIRGEN EXTRA LOS ALJIBES GARRAFA CAPACIDAD 2 L | Finca Los Aljibes","og_description":"El aceite de oliva virgen extra Los Aljibes, se obtiene de aceitunas seleccionadas de la Finca Los Aljibes.  Las variedades utilizadas para su elaboraci\u00f3n son Arbequina y Picual. Obtenido exclusivamente por procesos mec\u00e1nicos mediante extracci\u00f3n en fr\u00edo  La intensidad de la picual se compensa con la frescura de la arbequina, en este original aceite.  [addtoany]","og_url":"https:\/\/fincalosaljibes.com\/ja\/product\/aceite-de-oliva-virgen-extra-los-aljibes-garrafa-capacidad-2-l\/","og_site_name":"Finca Los Aljibes","article_publisher":"https:\/\/www.facebook.com\/bodegalosaljibes\/","article_modified_time":"2025-09-27T12:21:31+00:00","og_image":[{"width":400,"height":400,"url":"https:\/\/fincalosaljibes.com\/wp-content\/uploads\/2018\/06\/aljibes-aceite-de-oliva-virgen-extra-garrafa-2-litros.png","type":"image\/png"}],"twitter_card":"summary_large_image","twitter_misc":{"\u63a8\u5b9a\u8aad\u307f\u53d6\u308a\u6642\u9593":"1\u5206"},"schema":{"@context":"https:\/\/schema.org","@graph":[{"@type":"WebPage","@id":"https:\/\/fincalosaljibes.com\/ja\/product\/aceite-de-oliva-virgen-extra-los-aljibes-garrafa-capacidad-2-l\/","url":"https:\/\/fincalosaljibes.com\/ja\/product\/aceite-de-oliva-virgen-extra-los-aljibes-garrafa-capacidad-2-l\/","name":"ACEITE DE OLIVA VIRGEN EXTRA LOS ALJIBES GARRAFA CAPACIDAD 2 L | Finca Los Aljibes","isPartOf":{"@id":"https:\/\/fincalosaljibes.com\/ja\/#website"},"primaryImageOfPage":{"@id":"https:\/\/fincalosaljibes.com\/ja\/product\/aceite-de-oliva-virgen-extra-los-aljibes-garrafa-capacidad-2-l\/#primaryimage"},"image":{"@id":"https:\/\/fincalosaljibes.com\/ja\/product\/aceite-de-oliva-virgen-extra-los-aljibes-garrafa-capacidad-2-l\/#primaryimage"},"thumbnailUrl":"https:\/\/fincalosaljibes.com\/wp-content\/uploads\/2018\/06\/aljibes-aceite-de-oliva-virgen-extra-garrafa-2-litros.png","datePublished":"2018-06-15T09:44:55+00:00","dateModified":"2025-09-27T12:21:31+00:00","breadcrumb":{"@id":"https:\/\/fincalosaljibes.com\/ja\/product\/aceite-de-oliva-virgen-extra-los-aljibes-garrafa-capacidad-2-l\/#breadcrumb"},"inLanguage":"ja","potentialAction":[{"@type":"ReadAction","target":["https:\/\/fincalosaljibes.com\/ja\/product\/aceite-de-oliva-virgen-extra-los-aljibes-garrafa-capacidad-2-l\/"]}]},{"@type":"ImageObject","inLanguage":"ja","@id":"https:\/\/fincalosaljibes.com\/ja\/product\/aceite-de-oliva-virgen-extra-los-aljibes-garrafa-capacidad-2-l\/#primaryimage","url":"https:\/\/fincalosaljibes.com\/wp-content\/uploads\/2018\/06\/aljibes-aceite-de-oliva-virgen-extra-garrafa-2-litros.png","contentUrl":"https:\/\/fincalosaljibes.com\/wp-content\/uploads\/2018\/06\/aljibes-aceite-de-oliva-virgen-extra-garrafa-2-litros.png","width":400,"height":400},{"@type":"BreadcrumbList","@id":"https:\/\/fincalosaljibes.com\/ja\/product\/aceite-de-oliva-virgen-extra-los-aljibes-garrafa-capacidad-2-l\/#breadcrumb","itemListElement":[{"@type":"ListItem","position":1,"name":"Portada","item":"https:\/\/fincalosaljibes.com\/ja\/"},{"@type":"ListItem","position":2,"name":"\u30b7\u30e7\u30c3\u30d7","item":"https:\/\/fincalosaljibes.com\/ja\/%e3%82%b7%e3%83%a7%e3%83%83%e3%83%97\/"},{"@type":"ListItem","position":3,"name":"ACEITE DE OLIVA VIRGEN EXTRA LOS ALJIBES GARRAFA CAPACIDAD 2 L"}]},{"@type":"WebSite","@id":"https:\/\/fincalosaljibes.com\/ja\/#website","url":"https:\/\/fincalosaljibes.com\/ja\/","name":"Finca Los Aljibes","description":"Bodega de vinos, enoturismo, visitas a la bodega y finca para celebrar bodas y eventos","publisher":{"@id":"https:\/\/fincalosaljibes.com\/ja\/#organization"},"alternateName":"Bodega Los Aljibes","potentialAction":[{"@type":"SearchAction","target":{"@type":"EntryPoint","urlTemplate":"https:\/\/fincalosaljibes.com\/ja\/?s={search_term_string}"},"query-input":{"@type":"PropertyValueSpecification","valueRequired":true,"valueName":"search_term_string"}}],"inLanguage":"ja"},{"@type":"Organization","@id":"https:\/\/fincalosaljibes.com\/ja\/#organization","name":"Bodega Finca Los Aljibes","alternateName":"Bodega Los Aljibes","url":"https:\/\/fincalosaljibes.com\/ja\/","logo":{"@type":"ImageObject","inLanguage":"ja","@id":"https:\/\/fincalosaljibes.com\/ja\/#\/schema\/logo\/image\/","url":"https:\/\/fincalosaljibes.com\/wp-content\/uploads\/2025\/06\/LOGO-FINCA-LOS-ALJIBES.png","contentUrl":"https:\/\/fincalosaljibes.com\/wp-content\/uploads\/2025\/06\/LOGO-FINCA-LOS-ALJIBES.png","width":1207,"height":894,"caption":"Bodega Finca Los Aljibes"},"image":{"@id":"https:\/\/fincalosaljibes.com\/ja\/#\/schema\/logo\/image\/"},"sameAs":["https:\/\/www.facebook.com\/bodegalosaljibes\/","https:\/\/www.instagram.com\/losaljibes\/","https:\/\/www.linkedin.com\/company\/los-aljibes\/","https:\/\/www.youtube.com\/channel\/UCqYK8s9Xmfj2C1k6xCGODOw"]}]}},"_links":{"self":[{"href":"https:\/\/fincalosaljibes.com\/ja\/wp-json\/wp\/v2\/product\/618","targetHints":{"allow":["GET"]}}],"collection":[{"href":"https:\/\/fincalosaljibes.com\/ja\/wp-json\/wp\/v2\/product"}],"about":[{"href":"https:\/\/fincalosaljibes.com\/ja\/wp-json\/wp\/v2\/types\/product"}],"wp:featuredmedia":[{"embeddable":true,"href":"https:\/\/fincalosaljibes.com\/ja\/wp-json\/wp\/v2\/media\/10572"}],"wp:attachment":[{"href":"https:\/\/fincalosaljibes.com\/ja\/wp-json\/wp\/v2\/media?parent=618"}],"wp:term":[{"taxonomy":"product_brand","embeddable":true,"href":"https:\/\/fincalosaljibes.com\/ja\/wp-json\/wp\/v2\/product_brand?post=618"},{"taxonomy":"product_cat","embeddable":true,"href":"https:\/\/fincalosaljibes.com\/ja\/wp-json\/wp\/v2\/product_cat?post=618"},{"taxonomy":"product_tag","embeddable":true,"href":"https:\/\/fincalosaljibes.com\/ja\/wp-json\/wp\/v2\/product_tag?post=618"}],"curies":[{"name":"wp","href":"https:\/\/api.w.org\/{rel}","templated":true}]}}