{"id":9488,"date":"2021-03-08T13:56:18","date_gmt":"2021-03-08T12:56:18","guid":{"rendered":"https:\/\/fincalosaljibes.com\/?post_type=product&#038;p=9488"},"modified":"2024-11-22T12:02:41","modified_gmt":"2024-11-22T10:02:41","slug":"pack-embutidos-artesanales","status":"publish","type":"product","link":"https:\/\/fincalosaljibes.com\/ja\/product\/pack-embutidos-artesanales\/","title":{"rendered":"PACK EMBUTIDOS ARTESANALES"},"content":{"rendered":"<p>Embutido de caza sostenible elaborado con carne de caza de ciervo y jabal\u00ed, ideal para consumir como aperitivo.<\/p>\n<p>Sabor fuerte y sabroso.<\/p>\n<p><strong>Formato:<\/strong> Envasado al vac\u00edo<br \/>\n<strong>Conservaci\u00f3n:<\/strong> Conservar en lugar fresco (7 a 10 grados) y seco<\/p>\n<p>&nbsp;<\/p>\n<p><strong>SOBRE NUESTROS EMBUTIDOS<\/strong><\/p>\n<p><i class=\"fa fa-file-pdf-o\"><\/i> <a href=\"https:\/\/fincalosaljibes.com\/wp-content\/uploads\/2021\/03\/EMBUTIDOS-LOS-ALJIBES.pdf\">Descargar PDF<\/a><\/p>\n","protected":false},"excerpt":{"rendered":"<p><strong>Embutido Artesanal de Los Aljibes<\/strong><\/p>\n<p>1 Chorizo de Ciervo<br \/>\n1 Chorizo de Jabal\u00ed<br \/>\n1 Salchich\u00f3n de Ciervo<br \/>\n1 Salchich\u00f3n de Jabal\u00ed<\/p>\n","protected":false},"featured_media":9489,"template":"","meta":[],"product_brand":[],"product_cat":[315,15],"product_tag":[],"class_list":{"0":"post-9488","1":"product","2":"type-product","3":"status-publish","4":"has-post-thumbnail","6":"product_cat-embutidos","7":"product_cat-uncategorized","8":"member-discount","9":"discount-restricted","11":"first","12":"outofstock","13":"taxable","14":"shipping-taxable","15":"purchasable","16":"product-type-simple"},"bundled_by":[],"bundle_stock_status":"outofstock","bundle_stock_quantity":null,"bundle_virtual":false,"bundle_layout":"","bundle_add_to_cart_form_location":"","bundle_editable_in_cart":false,"bundle_sold_individually_context":"","bundle_item_grouping":"","bundle_min_size":"","bundle_max_size":"","bundle_price":[],"bundled_items":[],"bundle_sell_ids":[],"booking_location":null,"booking_location_type":null,"booking_duration":null,"booking_duration_unit":null,"booking_buffer":null,"booking_cost":null,"booking_resources":null,"group_of_quantity":0,"min_quantity":0,"max_quantity":"","exclude_order_quantity_value_rules":"no","exclude_category_quantity_rules":"no","combine_variations":"no","yoast_head":"<!-- This site is optimized with the Yoast SEO plugin v27.3 - https:\/\/yoast.com\/product\/yoast-seo-wordpress\/ -->\n<title>PACK EMBUTIDOS ARTESANALES | Finca Los Aljibes<\/title>\n<meta name=\"robots\" content=\"index, follow, max-snippet:-1, max-image-preview:large, max-video-preview:-1\" \/>\n<link rel=\"canonical\" href=\"https:\/\/fincalosaljibes.com\/ja\/product\/pack-embutidos-artesanales\/\" \/>\n<meta property=\"og:locale\" content=\"ja_JP\" \/>\n<meta property=\"og:type\" content=\"article\" \/>\n<meta property=\"og:title\" content=\"PACK EMBUTIDOS ARTESANALES | Finca Los Aljibes\" \/>\n<meta property=\"og:description\" content=\"Embutido Artesanal de Los Aljibes  1 Chorizo de Ciervo 1 Chorizo de Jabal\u00ed 1 Salchich\u00f3n de Ciervo 1 Salchich\u00f3n de Jabal\u00ed\" \/>\n<meta property=\"og:url\" content=\"https:\/\/fincalosaljibes.com\/ja\/product\/pack-embutidos-artesanales\/\" \/>\n<meta property=\"og:site_name\" content=\"Finca Los Aljibes\" \/>\n<meta property=\"article:publisher\" content=\"https:\/\/www.facebook.com\/bodegalosaljibes\/\" \/>\n<meta property=\"article:modified_time\" content=\"2024-11-22T10:02:41+00:00\" \/>\n<meta property=\"og:image\" content=\"https:\/\/fincalosaljibes.com\/wp-content\/uploads\/2021\/03\/PACK-EMBUTIDOS.png\" \/>\n\t<meta property=\"og:image:width\" content=\"400\" \/>\n\t<meta property=\"og:image:height\" content=\"400\" \/>\n\t<meta property=\"og:image:type\" content=\"image\/png\" \/>\n<meta name=\"twitter:card\" content=\"summary_large_image\" \/>\n<meta name=\"twitter:label1\" content=\"\u63a8\u5b9a\u8aad\u307f\u53d6\u308a\u6642\u9593\" \/>\n\t<meta name=\"twitter:data1\" content=\"1\u5206\" \/>\n<script type=\"application\/ld+json\" class=\"yoast-schema-graph\">{\"@context\":\"https:\\\/\\\/schema.org\",\"@graph\":[{\"@type\":\"WebPage\",\"@id\":\"https:\\\/\\\/fincalosaljibes.com\\\/ja\\\/product\\\/pack-embutidos-artesanales\\\/\",\"url\":\"https:\\\/\\\/fincalosaljibes.com\\\/ja\\\/product\\\/pack-embutidos-artesanales\\\/\",\"name\":\"PACK EMBUTIDOS ARTESANALES | Finca Los Aljibes\",\"isPartOf\":{\"@id\":\"https:\\\/\\\/fincalosaljibes.com\\\/ja\\\/#website\"},\"primaryImageOfPage\":{\"@id\":\"https:\\\/\\\/fincalosaljibes.com\\\/ja\\\/product\\\/pack-embutidos-artesanales\\\/#primaryimage\"},\"image\":{\"@id\":\"https:\\\/\\\/fincalosaljibes.com\\\/ja\\\/product\\\/pack-embutidos-artesanales\\\/#primaryimage\"},\"thumbnailUrl\":\"https:\\\/\\\/fincalosaljibes.com\\\/wp-content\\\/uploads\\\/2021\\\/03\\\/PACK-EMBUTIDOS.png\",\"datePublished\":\"2021-03-08T12:56:18+00:00\",\"dateModified\":\"2024-11-22T10:02:41+00:00\",\"breadcrumb\":{\"@id\":\"https:\\\/\\\/fincalosaljibes.com\\\/ja\\\/product\\\/pack-embutidos-artesanales\\\/#breadcrumb\"},\"inLanguage\":\"ja\",\"potentialAction\":[{\"@type\":\"ReadAction\",\"target\":[\"https:\\\/\\\/fincalosaljibes.com\\\/ja\\\/product\\\/pack-embutidos-artesanales\\\/\"]}]},{\"@type\":\"ImageObject\",\"inLanguage\":\"ja\",\"@id\":\"https:\\\/\\\/fincalosaljibes.com\\\/ja\\\/product\\\/pack-embutidos-artesanales\\\/#primaryimage\",\"url\":\"https:\\\/\\\/fincalosaljibes.com\\\/wp-content\\\/uploads\\\/2021\\\/03\\\/PACK-EMBUTIDOS.png\",\"contentUrl\":\"https:\\\/\\\/fincalosaljibes.com\\\/wp-content\\\/uploads\\\/2021\\\/03\\\/PACK-EMBUTIDOS.png\",\"width\":400,\"height\":400},{\"@type\":\"BreadcrumbList\",\"@id\":\"https:\\\/\\\/fincalosaljibes.com\\\/ja\\\/product\\\/pack-embutidos-artesanales\\\/#breadcrumb\",\"itemListElement\":[{\"@type\":\"ListItem\",\"position\":1,\"name\":\"Portada\",\"item\":\"https:\\\/\\\/fincalosaljibes.com\\\/ja\\\/\"},{\"@type\":\"ListItem\",\"position\":2,\"name\":\"\u30b7\u30e7\u30c3\u30d7\",\"item\":\"https:\\\/\\\/fincalosaljibes.com\\\/ja\\\/%e3%82%b7%e3%83%a7%e3%83%83%e3%83%97\\\/\"},{\"@type\":\"ListItem\",\"position\":3,\"name\":\"PACK EMBUTIDOS ARTESANALES\"}]},{\"@type\":\"WebSite\",\"@id\":\"https:\\\/\\\/fincalosaljibes.com\\\/ja\\\/#website\",\"url\":\"https:\\\/\\\/fincalosaljibes.com\\\/ja\\\/\",\"name\":\"Finca Los Aljibes\",\"description\":\"Bodega de vinos, enoturismo, visitas a la bodega y finca para celebrar bodas y eventos\",\"publisher\":{\"@id\":\"https:\\\/\\\/fincalosaljibes.com\\\/ja\\\/#organization\"},\"alternateName\":\"Bodega Los Aljibes\",\"potentialAction\":[{\"@type\":\"SearchAction\",\"target\":{\"@type\":\"EntryPoint\",\"urlTemplate\":\"https:\\\/\\\/fincalosaljibes.com\\\/ja\\\/?s={search_term_string}\"},\"query-input\":{\"@type\":\"PropertyValueSpecification\",\"valueRequired\":true,\"valueName\":\"search_term_string\"}}],\"inLanguage\":\"ja\"},{\"@type\":\"Organization\",\"@id\":\"https:\\\/\\\/fincalosaljibes.com\\\/ja\\\/#organization\",\"name\":\"Bodega Finca Los Aljibes\",\"alternateName\":\"Bodega Los Aljibes\",\"url\":\"https:\\\/\\\/fincalosaljibes.com\\\/ja\\\/\",\"logo\":{\"@type\":\"ImageObject\",\"inLanguage\":\"ja\",\"@id\":\"https:\\\/\\\/fincalosaljibes.com\\\/ja\\\/#\\\/schema\\\/logo\\\/image\\\/\",\"url\":\"https:\\\/\\\/fincalosaljibes.com\\\/wp-content\\\/uploads\\\/2025\\\/06\\\/LOGO-FINCA-LOS-ALJIBES.png\",\"contentUrl\":\"https:\\\/\\\/fincalosaljibes.com\\\/wp-content\\\/uploads\\\/2025\\\/06\\\/LOGO-FINCA-LOS-ALJIBES.png\",\"width\":1207,\"height\":894,\"caption\":\"Bodega Finca Los Aljibes\"},\"image\":{\"@id\":\"https:\\\/\\\/fincalosaljibes.com\\\/ja\\\/#\\\/schema\\\/logo\\\/image\\\/\"},\"sameAs\":[\"https:\\\/\\\/www.facebook.com\\\/bodegalosaljibes\\\/\",\"https:\\\/\\\/www.instagram.com\\\/losaljibes\\\/\",\"https:\\\/\\\/www.linkedin.com\\\/company\\\/los-aljibes\\\/\",\"https:\\\/\\\/www.youtube.com\\\/channel\\\/UCqYK8s9Xmfj2C1k6xCGODOw\"]}]}<\/script>\n<!-- \/ Yoast SEO plugin. -->","yoast_head_json":{"title":"PACK EMBUTIDOS ARTESANALES | Finca Los Aljibes","robots":{"index":"index","follow":"follow","max-snippet":"max-snippet:-1","max-image-preview":"max-image-preview:large","max-video-preview":"max-video-preview:-1"},"canonical":"https:\/\/fincalosaljibes.com\/ja\/product\/pack-embutidos-artesanales\/","og_locale":"ja_JP","og_type":"article","og_title":"PACK EMBUTIDOS ARTESANALES | Finca Los Aljibes","og_description":"Embutido Artesanal de Los Aljibes  1 Chorizo de Ciervo 1 Chorizo de Jabal\u00ed 1 Salchich\u00f3n de Ciervo 1 Salchich\u00f3n de Jabal\u00ed","og_url":"https:\/\/fincalosaljibes.com\/ja\/product\/pack-embutidos-artesanales\/","og_site_name":"Finca Los Aljibes","article_publisher":"https:\/\/www.facebook.com\/bodegalosaljibes\/","article_modified_time":"2024-11-22T10:02:41+00:00","og_image":[{"width":400,"height":400,"url":"https:\/\/fincalosaljibes.com\/wp-content\/uploads\/2021\/03\/PACK-EMBUTIDOS.png","type":"image\/png"}],"twitter_card":"summary_large_image","twitter_misc":{"\u63a8\u5b9a\u8aad\u307f\u53d6\u308a\u6642\u9593":"1\u5206"},"schema":{"@context":"https:\/\/schema.org","@graph":[{"@type":"WebPage","@id":"https:\/\/fincalosaljibes.com\/ja\/product\/pack-embutidos-artesanales\/","url":"https:\/\/fincalosaljibes.com\/ja\/product\/pack-embutidos-artesanales\/","name":"PACK EMBUTIDOS ARTESANALES | Finca Los Aljibes","isPartOf":{"@id":"https:\/\/fincalosaljibes.com\/ja\/#website"},"primaryImageOfPage":{"@id":"https:\/\/fincalosaljibes.com\/ja\/product\/pack-embutidos-artesanales\/#primaryimage"},"image":{"@id":"https:\/\/fincalosaljibes.com\/ja\/product\/pack-embutidos-artesanales\/#primaryimage"},"thumbnailUrl":"https:\/\/fincalosaljibes.com\/wp-content\/uploads\/2021\/03\/PACK-EMBUTIDOS.png","datePublished":"2021-03-08T12:56:18+00:00","dateModified":"2024-11-22T10:02:41+00:00","breadcrumb":{"@id":"https:\/\/fincalosaljibes.com\/ja\/product\/pack-embutidos-artesanales\/#breadcrumb"},"inLanguage":"ja","potentialAction":[{"@type":"ReadAction","target":["https:\/\/fincalosaljibes.com\/ja\/product\/pack-embutidos-artesanales\/"]}]},{"@type":"ImageObject","inLanguage":"ja","@id":"https:\/\/fincalosaljibes.com\/ja\/product\/pack-embutidos-artesanales\/#primaryimage","url":"https:\/\/fincalosaljibes.com\/wp-content\/uploads\/2021\/03\/PACK-EMBUTIDOS.png","contentUrl":"https:\/\/fincalosaljibes.com\/wp-content\/uploads\/2021\/03\/PACK-EMBUTIDOS.png","width":400,"height":400},{"@type":"BreadcrumbList","@id":"https:\/\/fincalosaljibes.com\/ja\/product\/pack-embutidos-artesanales\/#breadcrumb","itemListElement":[{"@type":"ListItem","position":1,"name":"Portada","item":"https:\/\/fincalosaljibes.com\/ja\/"},{"@type":"ListItem","position":2,"name":"\u30b7\u30e7\u30c3\u30d7","item":"https:\/\/fincalosaljibes.com\/ja\/%e3%82%b7%e3%83%a7%e3%83%83%e3%83%97\/"},{"@type":"ListItem","position":3,"name":"PACK EMBUTIDOS ARTESANALES"}]},{"@type":"WebSite","@id":"https:\/\/fincalosaljibes.com\/ja\/#website","url":"https:\/\/fincalosaljibes.com\/ja\/","name":"Finca Los Aljibes","description":"Bodega de vinos, enoturismo, visitas a la bodega y finca para celebrar bodas y eventos","publisher":{"@id":"https:\/\/fincalosaljibes.com\/ja\/#organization"},"alternateName":"Bodega Los Aljibes","potentialAction":[{"@type":"SearchAction","target":{"@type":"EntryPoint","urlTemplate":"https:\/\/fincalosaljibes.com\/ja\/?s={search_term_string}"},"query-input":{"@type":"PropertyValueSpecification","valueRequired":true,"valueName":"search_term_string"}}],"inLanguage":"ja"},{"@type":"Organization","@id":"https:\/\/fincalosaljibes.com\/ja\/#organization","name":"Bodega Finca Los Aljibes","alternateName":"Bodega Los Aljibes","url":"https:\/\/fincalosaljibes.com\/ja\/","logo":{"@type":"ImageObject","inLanguage":"ja","@id":"https:\/\/fincalosaljibes.com\/ja\/#\/schema\/logo\/image\/","url":"https:\/\/fincalosaljibes.com\/wp-content\/uploads\/2025\/06\/LOGO-FINCA-LOS-ALJIBES.png","contentUrl":"https:\/\/fincalosaljibes.com\/wp-content\/uploads\/2025\/06\/LOGO-FINCA-LOS-ALJIBES.png","width":1207,"height":894,"caption":"Bodega Finca Los Aljibes"},"image":{"@id":"https:\/\/fincalosaljibes.com\/ja\/#\/schema\/logo\/image\/"},"sameAs":["https:\/\/www.facebook.com\/bodegalosaljibes\/","https:\/\/www.instagram.com\/losaljibes\/","https:\/\/www.linkedin.com\/company\/los-aljibes\/","https:\/\/www.youtube.com\/channel\/UCqYK8s9Xmfj2C1k6xCGODOw"]}]}},"_links":{"self":[{"href":"https:\/\/fincalosaljibes.com\/ja\/wp-json\/wp\/v2\/product\/9488","targetHints":{"allow":["GET"]}}],"collection":[{"href":"https:\/\/fincalosaljibes.com\/ja\/wp-json\/wp\/v2\/product"}],"about":[{"href":"https:\/\/fincalosaljibes.com\/ja\/wp-json\/wp\/v2\/types\/product"}],"wp:featuredmedia":[{"embeddable":true,"href":"https:\/\/fincalosaljibes.com\/ja\/wp-json\/wp\/v2\/media\/9489"}],"wp:attachment":[{"href":"https:\/\/fincalosaljibes.com\/ja\/wp-json\/wp\/v2\/media?parent=9488"}],"wp:term":[{"taxonomy":"product_brand","embeddable":true,"href":"https:\/\/fincalosaljibes.com\/ja\/wp-json\/wp\/v2\/product_brand?post=9488"},{"taxonomy":"product_cat","embeddable":true,"href":"https:\/\/fincalosaljibes.com\/ja\/wp-json\/wp\/v2\/product_cat?post=9488"},{"taxonomy":"product_tag","embeddable":true,"href":"https:\/\/fincalosaljibes.com\/ja\/wp-json\/wp\/v2\/product_tag?post=9488"}],"curies":[{"name":"wp","href":"https:\/\/api.w.org\/{rel}","templated":true}]}}