{"id":2830,"date":"2018-09-24T07:21:14","date_gmt":"2018-09-24T07:21:14","guid":{"rendered":"https:\/\/fincalosaljibes.com\/condiciones-de-compra\/"},"modified":"2026-03-25T08:22:25","modified_gmt":"2026-03-25T07:22:25","slug":"condiciones-de-compra","status":"publish","type":"page","link":"https:\/\/fincalosaljibes.com\/zh-hans\/condiciones-de-compra\/","title":{"rendered":"Condiciones de compra"},"content":{"rendered":"<div class=\"wpb-content-wrapper\"><p>[vc_row css_animation=&#8221;&#8221; row_type=&#8221;row&#8221; use_row_as_full_screen_section=&#8221;no&#8221; type=&#8221;full_width&#8221; angled_section=&#8221;no&#8221; text_align=&#8221;left&#8221; background_image_as_pattern=&#8221;without_pattern&#8221;][vc_column][vc_empty_space][vc_column_text]<\/p>\n<h5 style=\"font-size: 40px; text-align: left;\">CONDICIONES DE COMPRA<\/h5>\n<p>[\/vc_column_text][vc_column_text css=&#8221;.vc_custom_1774423342203{padding-top: 20px !important;}&#8221;]<strong>Precios<\/strong><br \/>\nTodos los precios tienen <strong>IVA incluido.<\/strong><\/p>\n<p><strong>Factura<\/strong><br \/>\nLas facturas de las compras realizadas se enviar\u00e1n por correo electr\u00f3nico e impresas junto al pedido.<\/p>\n<p><b>Gastos de env\u00edo<\/b><\/p>\n<ul>\n<li><strong>Los gastos de env\u00edo son de 10\u20ac + IVA por caja<\/strong>, para todos los pedidos para Espa\u00f1a (pen\u00ednsula). Si el pedido es <strong>superior o igual a 100\u20ac <\/strong>el env\u00edo es <strong>gratuito.<\/strong><\/li>\n<li class=\"p1\">Para <strong>pedidos internacionales o fuera de la pen\u00ednsula,<\/strong> consulta nuestras tarifas en el <strong><a href=\"tel:918843472\">91 884 34 72<\/a>\u00a0<\/strong>antes de realizar tu pedido.<\/li>\n<\/ul>\n<p><b>Plazo de entrega<\/b><span class=\"s1\"><br \/>\n<\/span>El plazo de entrega habitual es de <strong>24 &#8211; 72 horas<\/strong> para pedidos realizados antes de las 10 de la ma\u00f1ana (Plazos son aplicables s\u00f3lo a la Pen\u00ednsula).<span class=\"s1\"><br \/>\n<\/span>Los paquetes se env\u00edan s\u00f3lo los d\u00edas laborables (Lunes a Viernes). <strong>Un pedido realizado en S\u00e1bado, Domingo o Festivo se procesar\u00e1 el siguiente d\u00eda laborable.<\/strong><\/p>\n<p><b>Pedido m\u00ednimo al hacer Picking<\/b><span class=\"s1\"><br \/>\n<\/span>La unidad m\u00ednima de pedido es una caja de 6 botellas de vino o aceite.<\/p>\n<p><em><strong>*Promoci\u00f3n solamente v\u00e1lida en pedidos enviados a Pen\u00ednsula<\/strong><\/em>[\/vc_column_text][vc_empty_space][\/vc_column][\/vc_row]<\/p>\n<\/div>","protected":false},"excerpt":{"rendered":"<p>[vc_row css_animation=&#8221;&#8221; row_type&#8230;<\/p>\n","protected":false},"author":1,"featured_media":0,"parent":0,"menu_order":0,"comment_status":"closed","ping_status":"closed","template":"","meta":{"footnotes":""},"class_list":["post-2830","page","type-page","status-publish","hentry"],"yoast_head":"<!-- This site is optimized with the Yoast SEO plugin v27.5 - https:\/\/yoast.com\/product\/yoast-seo-wordpress\/ -->\n<title>Condiciones de compra | Finca Los Aljibes<\/title>\n<meta name=\"robots\" content=\"index, follow, max-snippet:-1, max-image-preview:large, max-video-preview:-1\" \/>\n<link rel=\"canonical\" href=\"https:\/\/fincalosaljibes.com\/zh-hans\/condiciones-de-compra\/\" \/>\n<meta property=\"og:locale\" content=\"zh_CN\" \/>\n<meta property=\"og:type\" content=\"article\" \/>\n<meta property=\"og:title\" content=\"Condiciones de compra | Finca Los Aljibes\" \/>\n<meta property=\"og:description\" content=\"[vc_row css_animation=&#8221;&#8221; row_type...\" \/>\n<meta property=\"og:url\" content=\"https:\/\/fincalosaljibes.com\/zh-hans\/condiciones-de-compra\/\" \/>\n<meta property=\"og:site_name\" content=\"Finca Los Aljibes\" \/>\n<meta property=\"article:publisher\" content=\"https:\/\/www.facebook.com\/bodegalosaljibes\/\" \/>\n<meta property=\"article:modified_time\" content=\"2026-03-25T07:22:25+00:00\" \/>\n<meta property=\"og:image\" content=\"https:\/\/fincalosaljibes.com\/wp-content\/uploads\/2018\/08\/Finca_Los_Aljibes_SSC_02770.jpg\" \/>\n\t<meta property=\"og:image:width\" content=\"1024\" \/>\n\t<meta property=\"og:image:height\" content=\"683\" \/>\n\t<meta property=\"og:image:type\" content=\"image\/jpeg\" \/>\n<meta name=\"twitter:card\" content=\"summary_large_image\" \/>\n<meta name=\"twitter:label1\" content=\"\u9884\u8ba1\u9605\u8bfb\u65f6\u95f4\" \/>\n\t<meta name=\"twitter:data1\" content=\"1 \u5206\" \/>\n<script type=\"application\/ld+json\" class=\"yoast-schema-graph\">{\"@context\":\"https:\\\/\\\/schema.org\",\"@graph\":[{\"@type\":\"WebPage\",\"@id\":\"https:\\\/\\\/fincalosaljibes.com\\\/zh-hans\\\/condiciones-de-compra\\\/\",\"url\":\"https:\\\/\\\/fincalosaljibes.com\\\/zh-hans\\\/condiciones-de-compra\\\/\",\"name\":\"Condiciones de compra | Finca Los Aljibes\",\"isPartOf\":{\"@id\":\"https:\\\/\\\/fincalosaljibes.com\\\/zh-hans\\\/#website\"},\"datePublished\":\"2018-09-24T07:21:14+00:00\",\"dateModified\":\"2026-03-25T07:22:25+00:00\",\"breadcrumb\":{\"@id\":\"https:\\\/\\\/fincalosaljibes.com\\\/zh-hans\\\/condiciones-de-compra\\\/#breadcrumb\"},\"inLanguage\":\"zh-Hans\",\"potentialAction\":[{\"@type\":\"ReadAction\",\"target\":[\"https:\\\/\\\/fincalosaljibes.com\\\/zh-hans\\\/condiciones-de-compra\\\/\"]}]},{\"@type\":\"BreadcrumbList\",\"@id\":\"https:\\\/\\\/fincalosaljibes.com\\\/zh-hans\\\/condiciones-de-compra\\\/#breadcrumb\",\"itemListElement\":[{\"@type\":\"ListItem\",\"position\":1,\"name\":\"Portada\",\"item\":\"https:\\\/\\\/fincalosaljibes.com\\\/zh-hans\\\/\"},{\"@type\":\"ListItem\",\"position\":2,\"name\":\"Condiciones de compra\"}]},{\"@type\":\"WebSite\",\"@id\":\"https:\\\/\\\/fincalosaljibes.com\\\/zh-hans\\\/#website\",\"url\":\"https:\\\/\\\/fincalosaljibes.com\\\/zh-hans\\\/\",\"name\":\"Finca Los Aljibes\",\"description\":\"Bodega de vinos, enoturismo, visitas a la bodega y finca para celebrar bodas y eventos\",\"publisher\":{\"@id\":\"https:\\\/\\\/fincalosaljibes.com\\\/zh-hans\\\/#organization\"},\"alternateName\":\"Bodega Los Aljibes\",\"potentialAction\":[{\"@type\":\"SearchAction\",\"target\":{\"@type\":\"EntryPoint\",\"urlTemplate\":\"https:\\\/\\\/fincalosaljibes.com\\\/zh-hans\\\/?s={search_term_string}\"},\"query-input\":{\"@type\":\"PropertyValueSpecification\",\"valueRequired\":true,\"valueName\":\"search_term_string\"}}],\"inLanguage\":\"zh-Hans\"},{\"@type\":\"Organization\",\"@id\":\"https:\\\/\\\/fincalosaljibes.com\\\/zh-hans\\\/#organization\",\"name\":\"Bodega Finca Los Aljibes\",\"alternateName\":\"Bodega Los Aljibes\",\"url\":\"https:\\\/\\\/fincalosaljibes.com\\\/zh-hans\\\/\",\"logo\":{\"@type\":\"ImageObject\",\"inLanguage\":\"zh-Hans\",\"@id\":\"https:\\\/\\\/fincalosaljibes.com\\\/zh-hans\\\/#\\\/schema\\\/logo\\\/image\\\/\",\"url\":\"https:\\\/\\\/fincalosaljibes.com\\\/wp-content\\\/uploads\\\/2025\\\/06\\\/LOGO-FINCA-LOS-ALJIBES.png\",\"contentUrl\":\"https:\\\/\\\/fincalosaljibes.com\\\/wp-content\\\/uploads\\\/2025\\\/06\\\/LOGO-FINCA-LOS-ALJIBES.png\",\"width\":1207,\"height\":894,\"caption\":\"Bodega Finca Los Aljibes\"},\"image\":{\"@id\":\"https:\\\/\\\/fincalosaljibes.com\\\/zh-hans\\\/#\\\/schema\\\/logo\\\/image\\\/\"},\"sameAs\":[\"https:\\\/\\\/www.facebook.com\\\/bodegalosaljibes\\\/\",\"https:\\\/\\\/www.instagram.com\\\/losaljibes\\\/\",\"https:\\\/\\\/www.linkedin.com\\\/company\\\/los-aljibes\\\/\",\"https:\\\/\\\/www.youtube.com\\\/channel\\\/UCqYK8s9Xmfj2C1k6xCGODOw\"]}]}<\/script>\n<!-- \/ Yoast SEO plugin. -->","yoast_head_json":{"title":"Condiciones de compra | Finca Los Aljibes","robots":{"index":"index","follow":"follow","max-snippet":"max-snippet:-1","max-image-preview":"max-image-preview:large","max-video-preview":"max-video-preview:-1"},"canonical":"https:\/\/fincalosaljibes.com\/zh-hans\/condiciones-de-compra\/","og_locale":"zh_CN","og_type":"article","og_title":"Condiciones de compra | Finca Los Aljibes","og_description":"[vc_row css_animation=&#8221;&#8221; row_type...","og_url":"https:\/\/fincalosaljibes.com\/zh-hans\/condiciones-de-compra\/","og_site_name":"Finca Los Aljibes","article_publisher":"https:\/\/www.facebook.com\/bodegalosaljibes\/","article_modified_time":"2026-03-25T07:22:25+00:00","og_image":[{"width":1024,"height":683,"url":"https:\/\/fincalosaljibes.com\/wp-content\/uploads\/2018\/08\/Finca_Los_Aljibes_SSC_02770.jpg","type":"image\/jpeg"}],"twitter_card":"summary_large_image","twitter_misc":{"\u9884\u8ba1\u9605\u8bfb\u65f6\u95f4":"1 \u5206"},"schema":{"@context":"https:\/\/schema.org","@graph":[{"@type":"WebPage","@id":"https:\/\/fincalosaljibes.com\/zh-hans\/condiciones-de-compra\/","url":"https:\/\/fincalosaljibes.com\/zh-hans\/condiciones-de-compra\/","name":"Condiciones de compra | Finca Los Aljibes","isPartOf":{"@id":"https:\/\/fincalosaljibes.com\/zh-hans\/#website"},"datePublished":"2018-09-24T07:21:14+00:00","dateModified":"2026-03-25T07:22:25+00:00","breadcrumb":{"@id":"https:\/\/fincalosaljibes.com\/zh-hans\/condiciones-de-compra\/#breadcrumb"},"inLanguage":"zh-Hans","potentialAction":[{"@type":"ReadAction","target":["https:\/\/fincalosaljibes.com\/zh-hans\/condiciones-de-compra\/"]}]},{"@type":"BreadcrumbList","@id":"https:\/\/fincalosaljibes.com\/zh-hans\/condiciones-de-compra\/#breadcrumb","itemListElement":[{"@type":"ListItem","position":1,"name":"Portada","item":"https:\/\/fincalosaljibes.com\/zh-hans\/"},{"@type":"ListItem","position":2,"name":"Condiciones de compra"}]},{"@type":"WebSite","@id":"https:\/\/fincalosaljibes.com\/zh-hans\/#website","url":"https:\/\/fincalosaljibes.com\/zh-hans\/","name":"Finca Los Aljibes","description":"Bodega de vinos, enoturismo, visitas a la bodega y finca para celebrar bodas y eventos","publisher":{"@id":"https:\/\/fincalosaljibes.com\/zh-hans\/#organization"},"alternateName":"Bodega Los Aljibes","potentialAction":[{"@type":"SearchAction","target":{"@type":"EntryPoint","urlTemplate":"https:\/\/fincalosaljibes.com\/zh-hans\/?s={search_term_string}"},"query-input":{"@type":"PropertyValueSpecification","valueRequired":true,"valueName":"search_term_string"}}],"inLanguage":"zh-Hans"},{"@type":"Organization","@id":"https:\/\/fincalosaljibes.com\/zh-hans\/#organization","name":"Bodega Finca Los Aljibes","alternateName":"Bodega Los Aljibes","url":"https:\/\/fincalosaljibes.com\/zh-hans\/","logo":{"@type":"ImageObject","inLanguage":"zh-Hans","@id":"https:\/\/fincalosaljibes.com\/zh-hans\/#\/schema\/logo\/image\/","url":"https:\/\/fincalosaljibes.com\/wp-content\/uploads\/2025\/06\/LOGO-FINCA-LOS-ALJIBES.png","contentUrl":"https:\/\/fincalosaljibes.com\/wp-content\/uploads\/2025\/06\/LOGO-FINCA-LOS-ALJIBES.png","width":1207,"height":894,"caption":"Bodega Finca Los Aljibes"},"image":{"@id":"https:\/\/fincalosaljibes.com\/zh-hans\/#\/schema\/logo\/image\/"},"sameAs":["https:\/\/www.facebook.com\/bodegalosaljibes\/","https:\/\/www.instagram.com\/losaljibes\/","https:\/\/www.linkedin.com\/company\/los-aljibes\/","https:\/\/www.youtube.com\/channel\/UCqYK8s9Xmfj2C1k6xCGODOw"]}]}},"_links":{"self":[{"href":"https:\/\/fincalosaljibes.com\/zh-hans\/wp-json\/wp\/v2\/pages\/2830","targetHints":{"allow":["GET"]}}],"collection":[{"href":"https:\/\/fincalosaljibes.com\/zh-hans\/wp-json\/wp\/v2\/pages"}],"about":[{"href":"https:\/\/fincalosaljibes.com\/zh-hans\/wp-json\/wp\/v2\/types\/page"}],"author":[{"embeddable":true,"href":"https:\/\/fincalosaljibes.com\/zh-hans\/wp-json\/wp\/v2\/users\/1"}],"replies":[{"embeddable":true,"href":"https:\/\/fincalosaljibes.com\/zh-hans\/wp-json\/wp\/v2\/comments?post=2830"}],"version-history":[{"count":0,"href":"https:\/\/fincalosaljibes.com\/zh-hans\/wp-json\/wp\/v2\/pages\/2830\/revisions"}],"wp:attachment":[{"href":"https:\/\/fincalosaljibes.com\/zh-hans\/wp-json\/wp\/v2\/media?parent=2830"}],"curies":[{"name":"wp","href":"https:\/\/api.w.org\/{rel}","templated":true}]}}