{"id":10430,"date":"2021-12-15T13:38:48","date_gmt":"2021-12-15T12:38:48","guid":{"rendered":"https:\/\/fincalosaljibes.com\/?post_type=product&#038;p=10430"},"modified":"2025-09-27T14:24:48","modified_gmt":"2025-09-27T12:24:48","slug":"pack-vina-aljibes","status":"publish","type":"product","link":"https:\/\/fincalosaljibes.com\/zh-hans\/product\/pack-vina-aljibes\/","title":{"rendered":"PACK VI\u00d1A ALJIBES"},"content":{"rendered":"<p>&nbsp;<\/p>\n<p><strong>Vinos:<\/strong><\/p>\n<p>Vi\u00f1a Aljibes Tinto<\/p>\n<p>Vi\u00f1a Aljibes Blanco<\/p>\n<p>Vi\u00f1a Aljibes Rosado<\/p>\n","protected":false},"excerpt":{"rendered":"<p><strong>Caja de 6 botellas Vi\u00f1a Aljibes<\/strong><\/p>\n<ul>\n<li>2 Vi\u00f1a Aljibes Tinto<\/li>\n<li>2 Vi\u00f1a Aljibes Blanco<\/li>\n<li>2 Vi\u00f1a Aljibes Rosado<\/li>\n<\/ul>\n","protected":false},"featured_media":10431,"template":"","meta":[],"product_brand":[],"product_cat":[122,116,180,118,140],"product_tag":[],"class_list":{"0":"post-10430","1":"product","2":"type-product","3":"status-publish","4":"has-post-thumbnail","6":"product_cat-blancos","7":"product_cat-finca-los-aljibes","8":"product_cat-pack","9":"product_cat-rosados","10":"product_cat-tintos","11":"member-discount","12":"discount-restricted","14":"first","15":"instock","16":"taxable","17":"shipping-taxable","18":"purchasable","19":"product-type-simple"},"bundled_by":[],"bundle_stock_status":"instock","bundle_stock_quantity":null,"bundle_virtual":false,"bundle_layout":"","bundle_add_to_cart_form_location":"","bundle_editable_in_cart":false,"bundle_sold_individually_context":"","bundle_item_grouping":"","bundle_min_size":"","bundle_max_size":"","bundle_price":[],"bundled_items":[],"bundle_sell_ids":[],"booking_location":null,"booking_location_type":null,"booking_duration":null,"booking_duration_unit":null,"booking_buffer":null,"booking_cost":null,"booking_resources":null,"group_of_quantity":0,"min_quantity":0,"max_quantity":"","exclude_order_quantity_value_rules":"no","exclude_category_quantity_rules":"no","combine_variations":"no","yoast_head":"<!-- This site is optimized with the Yoast SEO plugin v27.3 - https:\/\/yoast.com\/product\/yoast-seo-wordpress\/ -->\n<title>PACK VI\u00d1A ALJIBES | Finca Los Aljibes<\/title>\n<meta name=\"robots\" content=\"index, follow, max-snippet:-1, max-image-preview:large, max-video-preview:-1\" \/>\n<link rel=\"canonical\" href=\"https:\/\/fincalosaljibes.com\/zh-hans\/product\/pack-vina-aljibes\/\" \/>\n<meta property=\"og:locale\" content=\"zh_CN\" \/>\n<meta property=\"og:type\" content=\"article\" \/>\n<meta property=\"og:title\" content=\"PACK VI\u00d1A ALJIBES | Finca Los Aljibes\" \/>\n<meta property=\"og:description\" content=\"Caja de 6 botellas Vi\u00f1a Aljibes   2 Vi\u00f1a Aljibes Tinto  2 Vi\u00f1a Aljibes Blanco  2 Vi\u00f1a Aljibes Rosado\" \/>\n<meta property=\"og:url\" content=\"https:\/\/fincalosaljibes.com\/zh-hans\/product\/pack-vina-aljibes\/\" \/>\n<meta property=\"og:site_name\" content=\"Finca Los Aljibes\" \/>\n<meta property=\"article:publisher\" content=\"https:\/\/www.facebook.com\/bodegalosaljibes\/\" \/>\n<meta property=\"article:modified_time\" content=\"2025-09-27T12:24:48+00:00\" \/>\n<meta property=\"og:image\" content=\"https:\/\/fincalosaljibes.com\/wp-content\/uploads\/2021\/12\/ALJIBES-PACK-VINA-ALJIBES.png\" \/>\n\t<meta property=\"og:image:width\" content=\"400\" \/>\n\t<meta property=\"og:image:height\" content=\"400\" \/>\n\t<meta property=\"og:image:type\" content=\"image\/png\" \/>\n<meta name=\"twitter:card\" content=\"summary_large_image\" \/>\n<meta name=\"twitter:label1\" content=\"\u9884\u8ba1\u9605\u8bfb\u65f6\u95f4\" \/>\n\t<meta name=\"twitter:data1\" content=\"1 \u5206\" \/>\n<script type=\"application\/ld+json\" class=\"yoast-schema-graph\">{\"@context\":\"https:\\\/\\\/schema.org\",\"@graph\":[{\"@type\":\"WebPage\",\"@id\":\"https:\\\/\\\/fincalosaljibes.com\\\/zh-hans\\\/product\\\/pack-vina-aljibes\\\/\",\"url\":\"https:\\\/\\\/fincalosaljibes.com\\\/zh-hans\\\/product\\\/pack-vina-aljibes\\\/\",\"name\":\"PACK VI\u00d1A ALJIBES | Finca Los Aljibes\",\"isPartOf\":{\"@id\":\"https:\\\/\\\/fincalosaljibes.com\\\/zh-hans\\\/#website\"},\"primaryImageOfPage\":{\"@id\":\"https:\\\/\\\/fincalosaljibes.com\\\/zh-hans\\\/product\\\/pack-vina-aljibes\\\/#primaryimage\"},\"image\":{\"@id\":\"https:\\\/\\\/fincalosaljibes.com\\\/zh-hans\\\/product\\\/pack-vina-aljibes\\\/#primaryimage\"},\"thumbnailUrl\":\"https:\\\/\\\/fincalosaljibes.com\\\/wp-content\\\/uploads\\\/2021\\\/12\\\/ALJIBES-PACK-VINA-ALJIBES.png\",\"datePublished\":\"2021-12-15T12:38:48+00:00\",\"dateModified\":\"2025-09-27T12:24:48+00:00\",\"breadcrumb\":{\"@id\":\"https:\\\/\\\/fincalosaljibes.com\\\/zh-hans\\\/product\\\/pack-vina-aljibes\\\/#breadcrumb\"},\"inLanguage\":\"zh-Hans\",\"potentialAction\":[{\"@type\":\"ReadAction\",\"target\":[\"https:\\\/\\\/fincalosaljibes.com\\\/zh-hans\\\/product\\\/pack-vina-aljibes\\\/\"]}]},{\"@type\":\"ImageObject\",\"inLanguage\":\"zh-Hans\",\"@id\":\"https:\\\/\\\/fincalosaljibes.com\\\/zh-hans\\\/product\\\/pack-vina-aljibes\\\/#primaryimage\",\"url\":\"https:\\\/\\\/fincalosaljibes.com\\\/wp-content\\\/uploads\\\/2021\\\/12\\\/ALJIBES-PACK-VINA-ALJIBES.png\",\"contentUrl\":\"https:\\\/\\\/fincalosaljibes.com\\\/wp-content\\\/uploads\\\/2021\\\/12\\\/ALJIBES-PACK-VINA-ALJIBES.png\",\"width\":400,\"height\":400},{\"@type\":\"BreadcrumbList\",\"@id\":\"https:\\\/\\\/fincalosaljibes.com\\\/zh-hans\\\/product\\\/pack-vina-aljibes\\\/#breadcrumb\",\"itemListElement\":[{\"@type\":\"ListItem\",\"position\":1,\"name\":\"Portada\",\"item\":\"https:\\\/\\\/fincalosaljibes.com\\\/zh-hans\\\/\"},{\"@type\":\"ListItem\",\"position\":2,\"name\":\"\u5546\u5e97\",\"item\":\"https:\\\/\\\/fincalosaljibes.com\\\/zh-hans\\\/%e5%95%86%e5%ba%97\\\/\"},{\"@type\":\"ListItem\",\"position\":3,\"name\":\"PACK VI\u00d1A ALJIBES\"}]},{\"@type\":\"WebSite\",\"@id\":\"https:\\\/\\\/fincalosaljibes.com\\\/zh-hans\\\/#website\",\"url\":\"https:\\\/\\\/fincalosaljibes.com\\\/zh-hans\\\/\",\"name\":\"Finca Los Aljibes\",\"description\":\"Bodega de vinos, enoturismo, visitas a la bodega y finca para celebrar bodas y eventos\",\"publisher\":{\"@id\":\"https:\\\/\\\/fincalosaljibes.com\\\/zh-hans\\\/#organization\"},\"alternateName\":\"Bodega Los Aljibes\",\"potentialAction\":[{\"@type\":\"SearchAction\",\"target\":{\"@type\":\"EntryPoint\",\"urlTemplate\":\"https:\\\/\\\/fincalosaljibes.com\\\/zh-hans\\\/?s={search_term_string}\"},\"query-input\":{\"@type\":\"PropertyValueSpecification\",\"valueRequired\":true,\"valueName\":\"search_term_string\"}}],\"inLanguage\":\"zh-Hans\"},{\"@type\":\"Organization\",\"@id\":\"https:\\\/\\\/fincalosaljibes.com\\\/zh-hans\\\/#organization\",\"name\":\"Bodega Finca Los Aljibes\",\"alternateName\":\"Bodega Los Aljibes\",\"url\":\"https:\\\/\\\/fincalosaljibes.com\\\/zh-hans\\\/\",\"logo\":{\"@type\":\"ImageObject\",\"inLanguage\":\"zh-Hans\",\"@id\":\"https:\\\/\\\/fincalosaljibes.com\\\/zh-hans\\\/#\\\/schema\\\/logo\\\/image\\\/\",\"url\":\"https:\\\/\\\/fincalosaljibes.com\\\/wp-content\\\/uploads\\\/2025\\\/06\\\/LOGO-FINCA-LOS-ALJIBES.png\",\"contentUrl\":\"https:\\\/\\\/fincalosaljibes.com\\\/wp-content\\\/uploads\\\/2025\\\/06\\\/LOGO-FINCA-LOS-ALJIBES.png\",\"width\":1207,\"height\":894,\"caption\":\"Bodega Finca Los Aljibes\"},\"image\":{\"@id\":\"https:\\\/\\\/fincalosaljibes.com\\\/zh-hans\\\/#\\\/schema\\\/logo\\\/image\\\/\"},\"sameAs\":[\"https:\\\/\\\/www.facebook.com\\\/bodegalosaljibes\\\/\",\"https:\\\/\\\/www.instagram.com\\\/losaljibes\\\/\",\"https:\\\/\\\/www.linkedin.com\\\/company\\\/los-aljibes\\\/\",\"https:\\\/\\\/www.youtube.com\\\/channel\\\/UCqYK8s9Xmfj2C1k6xCGODOw\"]}]}<\/script>\n<!-- \/ Yoast SEO plugin. -->","yoast_head_json":{"title":"PACK VI\u00d1A ALJIBES | Finca Los Aljibes","robots":{"index":"index","follow":"follow","max-snippet":"max-snippet:-1","max-image-preview":"max-image-preview:large","max-video-preview":"max-video-preview:-1"},"canonical":"https:\/\/fincalosaljibes.com\/zh-hans\/product\/pack-vina-aljibes\/","og_locale":"zh_CN","og_type":"article","og_title":"PACK VI\u00d1A ALJIBES | Finca Los Aljibes","og_description":"Caja de 6 botellas Vi\u00f1a Aljibes   2 Vi\u00f1a Aljibes Tinto  2 Vi\u00f1a Aljibes Blanco  2 Vi\u00f1a Aljibes Rosado","og_url":"https:\/\/fincalosaljibes.com\/zh-hans\/product\/pack-vina-aljibes\/","og_site_name":"Finca Los Aljibes","article_publisher":"https:\/\/www.facebook.com\/bodegalosaljibes\/","article_modified_time":"2025-09-27T12:24:48+00:00","og_image":[{"width":400,"height":400,"url":"https:\/\/fincalosaljibes.com\/wp-content\/uploads\/2021\/12\/ALJIBES-PACK-VINA-ALJIBES.png","type":"image\/png"}],"twitter_card":"summary_large_image","twitter_misc":{"\u9884\u8ba1\u9605\u8bfb\u65f6\u95f4":"1 \u5206"},"schema":{"@context":"https:\/\/schema.org","@graph":[{"@type":"WebPage","@id":"https:\/\/fincalosaljibes.com\/zh-hans\/product\/pack-vina-aljibes\/","url":"https:\/\/fincalosaljibes.com\/zh-hans\/product\/pack-vina-aljibes\/","name":"PACK VI\u00d1A ALJIBES | Finca Los Aljibes","isPartOf":{"@id":"https:\/\/fincalosaljibes.com\/zh-hans\/#website"},"primaryImageOfPage":{"@id":"https:\/\/fincalosaljibes.com\/zh-hans\/product\/pack-vina-aljibes\/#primaryimage"},"image":{"@id":"https:\/\/fincalosaljibes.com\/zh-hans\/product\/pack-vina-aljibes\/#primaryimage"},"thumbnailUrl":"https:\/\/fincalosaljibes.com\/wp-content\/uploads\/2021\/12\/ALJIBES-PACK-VINA-ALJIBES.png","datePublished":"2021-12-15T12:38:48+00:00","dateModified":"2025-09-27T12:24:48+00:00","breadcrumb":{"@id":"https:\/\/fincalosaljibes.com\/zh-hans\/product\/pack-vina-aljibes\/#breadcrumb"},"inLanguage":"zh-Hans","potentialAction":[{"@type":"ReadAction","target":["https:\/\/fincalosaljibes.com\/zh-hans\/product\/pack-vina-aljibes\/"]}]},{"@type":"ImageObject","inLanguage":"zh-Hans","@id":"https:\/\/fincalosaljibes.com\/zh-hans\/product\/pack-vina-aljibes\/#primaryimage","url":"https:\/\/fincalosaljibes.com\/wp-content\/uploads\/2021\/12\/ALJIBES-PACK-VINA-ALJIBES.png","contentUrl":"https:\/\/fincalosaljibes.com\/wp-content\/uploads\/2021\/12\/ALJIBES-PACK-VINA-ALJIBES.png","width":400,"height":400},{"@type":"BreadcrumbList","@id":"https:\/\/fincalosaljibes.com\/zh-hans\/product\/pack-vina-aljibes\/#breadcrumb","itemListElement":[{"@type":"ListItem","position":1,"name":"Portada","item":"https:\/\/fincalosaljibes.com\/zh-hans\/"},{"@type":"ListItem","position":2,"name":"\u5546\u5e97","item":"https:\/\/fincalosaljibes.com\/zh-hans\/%e5%95%86%e5%ba%97\/"},{"@type":"ListItem","position":3,"name":"PACK VI\u00d1A ALJIBES"}]},{"@type":"WebSite","@id":"https:\/\/fincalosaljibes.com\/zh-hans\/#website","url":"https:\/\/fincalosaljibes.com\/zh-hans\/","name":"Finca Los Aljibes","description":"Bodega de vinos, enoturismo, visitas a la bodega y finca para celebrar bodas y eventos","publisher":{"@id":"https:\/\/fincalosaljibes.com\/zh-hans\/#organization"},"alternateName":"Bodega Los Aljibes","potentialAction":[{"@type":"SearchAction","target":{"@type":"EntryPoint","urlTemplate":"https:\/\/fincalosaljibes.com\/zh-hans\/?s={search_term_string}"},"query-input":{"@type":"PropertyValueSpecification","valueRequired":true,"valueName":"search_term_string"}}],"inLanguage":"zh-Hans"},{"@type":"Organization","@id":"https:\/\/fincalosaljibes.com\/zh-hans\/#organization","name":"Bodega Finca Los Aljibes","alternateName":"Bodega Los Aljibes","url":"https:\/\/fincalosaljibes.com\/zh-hans\/","logo":{"@type":"ImageObject","inLanguage":"zh-Hans","@id":"https:\/\/fincalosaljibes.com\/zh-hans\/#\/schema\/logo\/image\/","url":"https:\/\/fincalosaljibes.com\/wp-content\/uploads\/2025\/06\/LOGO-FINCA-LOS-ALJIBES.png","contentUrl":"https:\/\/fincalosaljibes.com\/wp-content\/uploads\/2025\/06\/LOGO-FINCA-LOS-ALJIBES.png","width":1207,"height":894,"caption":"Bodega Finca Los Aljibes"},"image":{"@id":"https:\/\/fincalosaljibes.com\/zh-hans\/#\/schema\/logo\/image\/"},"sameAs":["https:\/\/www.facebook.com\/bodegalosaljibes\/","https:\/\/www.instagram.com\/losaljibes\/","https:\/\/www.linkedin.com\/company\/los-aljibes\/","https:\/\/www.youtube.com\/channel\/UCqYK8s9Xmfj2C1k6xCGODOw"]}]}},"_links":{"self":[{"href":"https:\/\/fincalosaljibes.com\/zh-hans\/wp-json\/wp\/v2\/product\/10430","targetHints":{"allow":["GET"]}}],"collection":[{"href":"https:\/\/fincalosaljibes.com\/zh-hans\/wp-json\/wp\/v2\/product"}],"about":[{"href":"https:\/\/fincalosaljibes.com\/zh-hans\/wp-json\/wp\/v2\/types\/product"}],"wp:featuredmedia":[{"embeddable":true,"href":"https:\/\/fincalosaljibes.com\/zh-hans\/wp-json\/wp\/v2\/media\/10431"}],"wp:attachment":[{"href":"https:\/\/fincalosaljibes.com\/zh-hans\/wp-json\/wp\/v2\/media?parent=10430"}],"wp:term":[{"taxonomy":"product_brand","embeddable":true,"href":"https:\/\/fincalosaljibes.com\/zh-hans\/wp-json\/wp\/v2\/product_brand?post=10430"},{"taxonomy":"product_cat","embeddable":true,"href":"https:\/\/fincalosaljibes.com\/zh-hans\/wp-json\/wp\/v2\/product_cat?post=10430"},{"taxonomy":"product_tag","embeddable":true,"href":"https:\/\/fincalosaljibes.com\/zh-hans\/wp-json\/wp\/v2\/product_tag?post=10430"}],"curies":[{"name":"wp","href":"https:\/\/api.w.org\/{rel}","templated":true}]}}