{"id":17582,"date":"2026-01-13T12:54:35","date_gmt":"2026-01-13T11:54:35","guid":{"rendered":"https:\/\/fincalosaljibes.com\/?post_type=product&#038;p=17582"},"modified":"2026-01-29T09:32:47","modified_gmt":"2026-01-29T08:32:47","slug":"visita-completa-regalo","status":"publish","type":"product","link":"https:\/\/fincalosaljibes.com\/product\/visita-completa-regalo\/","title":{"rendered":"Visita Completa &#8211; Regalo"},"content":{"rendered":"<h4>INCLUYE:<\/h4>\n<h3>PASEO EN COCHE DE CABALLOS POR EL VI\u00d1EDO<\/h3>\n<h3>VISITA A LA BODEGA<\/h3>\n<h3>CATA DE 3 VINOS CON APERITIVO<\/h3>\n<h3>DEGUSTACI\u00d3N DE ACEITE DE OLIVA VIRGEN EXTRA<\/h3>\n<h3>DEGUSTACI\u00d3N DE MIEL DE LAVANDA<\/h3>\n<h3>GU\u00cdA ESPECIALIZADO EN TODA LA VISITA<\/h3>\n<p>&nbsp;<\/p>\n<ul type=\"disc\">\n<li>La visita dura aproximadamente 2 horas.<\/li>\n<li class=\"m_-1508607183501018274MsoListParagraph\">No\u00a0se permitir\u00e1 el acceso a la visita con\u00a0mascotas.<u><\/u><u><\/u><\/li>\n<li class=\"m_-1508607183501018274MsoListParagraph\">Si cancela con menos de 48 horas de antelaci\u00f3n a la hora de inicio de la visita, no se reembolsar\u00e1 el importe de la misma.<\/li>\n<\/ul>\n<p><a href=\"https:\/\/fincalosaljibes.com\/wp-content\/uploads\/2025\/07\/Politicas-de-reservas-VISITAS-Bodega-Los-Aljibes.pdf\" target=\"_blank\" rel=\"noopener\"><strong>POL\u00cdTICA DE CANCELACI\u00d3N<\/strong><\/a><\/p>\n","protected":false},"excerpt":{"rendered":"<p><strong>Visita Completa de Regalo sin fecha cerrada.<br \/>\nM\u00ednimo para dos personas.<br \/>\n<\/strong><strong>La fecha la elige el beneficiario cualquier d\u00eda del a\u00f1o disponible en la agenda.<br \/>\nEn la nota de compra indica el nombre, tel\u00e9fono y correo de la persona a la que deseas regalar la visita.<br \/>\nLe enviaremos en un plazo de 24 horas el bono regalo a su email.<br \/>\n<\/strong><\/p>\n","protected":false},"featured_media":14435,"template":"","meta":[],"product_brand":[],"product_cat":[342],"product_tag":[],"class_list":{"0":"post-17582","1":"product","2":"type-product","3":"status-publish","4":"has-post-thumbnail","6":"product_cat-visitas-regalo","8":"first","9":"instock","10":"virtual","11":"taxable","12":"purchasable","13":"product-type-simple"},"bundled_by":[],"bundle_stock_status":"instock","bundle_stock_quantity":null,"bundle_virtual":false,"bundle_layout":"","bundle_add_to_cart_form_location":"","bundle_editable_in_cart":false,"bundle_sold_individually_context":"","bundle_item_grouping":"","bundle_min_size":"","bundle_max_size":"","bundle_price":[],"bundled_items":[],"bundle_sell_ids":[],"booking_location":null,"booking_location_type":null,"booking_duration":null,"booking_duration_unit":null,"booking_buffer":null,"booking_cost":null,"booking_resources":null,"group_of_quantity":0,"min_quantity":2,"max_quantity":"","exclude_order_quantity_value_rules":"no","exclude_category_quantity_rules":"no","combine_variations":"no","yoast_head":"<!-- This site is optimized with the Yoast SEO plugin v27.4 - https:\/\/yoast.com\/product\/yoast-seo-wordpress\/ -->\n<title>Visita Completa - Regalo | Finca Los Aljibes<\/title>\n<meta name=\"robots\" content=\"index, follow, max-snippet:-1, max-image-preview:large, max-video-preview:-1\" \/>\n<link rel=\"canonical\" href=\"https:\/\/fincalosaljibes.com\/zh-hans\/product\/visita-completa-regalo\/\" \/>\n<meta property=\"og:locale\" content=\"zh_CN\" \/>\n<meta property=\"og:type\" content=\"article\" \/>\n<meta property=\"og:title\" content=\"Visita Completa - Regalo | Finca Los Aljibes\" \/>\n<meta property=\"og:description\" content=\"Visita Completa de Regalo sin fecha cerrada. M\u00ednimo para dos personas. La fecha la elige el beneficiario cualquier d\u00eda del a\u00f1o disponible en la agenda. En la nota de compra indica el nombre, tel\u00e9fono y correo de la persona a la que deseas regalar la visita. Le enviaremos en un plazo de 24 horas el bono regalo a su email.\" \/>\n<meta property=\"og:url\" content=\"https:\/\/fincalosaljibes.com\/product\/visita-completa-regalo\/\" \/>\n<meta property=\"og:site_name\" content=\"Finca Los Aljibes\" \/>\n<meta property=\"article:publisher\" content=\"https:\/\/www.facebook.com\/bodegalosaljibes\/\" \/>\n<meta property=\"article:modified_time\" content=\"2026-01-29T08:32:47+00:00\" \/>\n<meta property=\"og:image\" content=\"https:\/\/fincalosaljibes.com\/wp-content\/uploads\/2025\/05\/visita-completa-aljibes.jpg\" \/>\n\t<meta property=\"og:image:width\" content=\"400\" \/>\n\t<meta property=\"og:image:height\" content=\"400\" \/>\n\t<meta property=\"og:image:type\" content=\"image\/jpeg\" \/>\n<meta name=\"twitter:card\" content=\"summary_large_image\" \/>\n<meta name=\"twitter:label1\" content=\"\u9884\u8ba1\u9605\u8bfb\u65f6\u95f4\" \/>\n\t<meta name=\"twitter:data1\" content=\"1 \u5206\" \/>\n<script type=\"application\/ld+json\" class=\"yoast-schema-graph\">{\"@context\":\"https:\\\/\\\/schema.org\",\"@graph\":[{\"@type\":\"WebPage\",\"@id\":\"https:\\\/\\\/fincalosaljibes.com\\\/product\\\/visita-completa-regalo\\\/\",\"url\":\"https:\\\/\\\/fincalosaljibes.com\\\/product\\\/visita-completa-regalo\\\/\",\"name\":\"Visita Completa - Regalo | Finca Los Aljibes\",\"isPartOf\":{\"@id\":\"https:\\\/\\\/fincalosaljibes.com\\\/zh-hans\\\/#website\"},\"primaryImageOfPage\":{\"@id\":\"https:\\\/\\\/fincalosaljibes.com\\\/product\\\/visita-completa-regalo\\\/#primaryimage\"},\"image\":{\"@id\":\"https:\\\/\\\/fincalosaljibes.com\\\/product\\\/visita-completa-regalo\\\/#primaryimage\"},\"thumbnailUrl\":\"https:\\\/\\\/fincalosaljibes.com\\\/wp-content\\\/uploads\\\/2025\\\/05\\\/visita-completa-aljibes.jpg\",\"datePublished\":\"2026-01-13T11:54:35+00:00\",\"dateModified\":\"2026-01-29T08:32:47+00:00\",\"breadcrumb\":{\"@id\":\"https:\\\/\\\/fincalosaljibes.com\\\/product\\\/visita-completa-regalo\\\/#breadcrumb\"},\"inLanguage\":\"zh-Hans\",\"potentialAction\":[{\"@type\":\"ReadAction\",\"target\":[\"https:\\\/\\\/fincalosaljibes.com\\\/product\\\/visita-completa-regalo\\\/\"]}]},{\"@type\":\"ImageObject\",\"inLanguage\":\"zh-Hans\",\"@id\":\"https:\\\/\\\/fincalosaljibes.com\\\/product\\\/visita-completa-regalo\\\/#primaryimage\",\"url\":\"https:\\\/\\\/fincalosaljibes.com\\\/wp-content\\\/uploads\\\/2025\\\/05\\\/visita-completa-aljibes.jpg\",\"contentUrl\":\"https:\\\/\\\/fincalosaljibes.com\\\/wp-content\\\/uploads\\\/2025\\\/05\\\/visita-completa-aljibes.jpg\",\"width\":400,\"height\":400},{\"@type\":\"BreadcrumbList\",\"@id\":\"https:\\\/\\\/fincalosaljibes.com\\\/product\\\/visita-completa-regalo\\\/#breadcrumb\",\"itemListElement\":[{\"@type\":\"ListItem\",\"position\":1,\"name\":\"Portada\",\"item\":\"https:\\\/\\\/fincalosaljibes.com\\\/zh-hans\\\/\"},{\"@type\":\"ListItem\",\"position\":2,\"name\":\"\u5546\u5e97\",\"item\":\"https:\\\/\\\/fincalosaljibes.com\\\/zh-hans\\\/%e5%95%86%e5%ba%97\\\/\"},{\"@type\":\"ListItem\",\"position\":3,\"name\":\"Visita Completa &#8211; Regalo\"}]},{\"@type\":\"WebSite\",\"@id\":\"https:\\\/\\\/fincalosaljibes.com\\\/zh-hans\\\/#website\",\"url\":\"https:\\\/\\\/fincalosaljibes.com\\\/zh-hans\\\/\",\"name\":\"Finca Los Aljibes\",\"description\":\"Bodega de vinos, enoturismo, visitas a la bodega y finca para celebrar bodas y eventos\",\"publisher\":{\"@id\":\"https:\\\/\\\/fincalosaljibes.com\\\/zh-hans\\\/#organization\"},\"alternateName\":\"Bodega Los Aljibes\",\"potentialAction\":[{\"@type\":\"SearchAction\",\"target\":{\"@type\":\"EntryPoint\",\"urlTemplate\":\"https:\\\/\\\/fincalosaljibes.com\\\/zh-hans\\\/?s={search_term_string}\"},\"query-input\":{\"@type\":\"PropertyValueSpecification\",\"valueRequired\":true,\"valueName\":\"search_term_string\"}}],\"inLanguage\":\"zh-Hans\"},{\"@type\":\"Organization\",\"@id\":\"https:\\\/\\\/fincalosaljibes.com\\\/zh-hans\\\/#organization\",\"name\":\"Bodega Finca Los Aljibes\",\"alternateName\":\"Bodega Los Aljibes\",\"url\":\"https:\\\/\\\/fincalosaljibes.com\\\/zh-hans\\\/\",\"logo\":{\"@type\":\"ImageObject\",\"inLanguage\":\"zh-Hans\",\"@id\":\"https:\\\/\\\/fincalosaljibes.com\\\/zh-hans\\\/#\\\/schema\\\/logo\\\/image\\\/\",\"url\":\"https:\\\/\\\/fincalosaljibes.com\\\/wp-content\\\/uploads\\\/2025\\\/06\\\/LOGO-FINCA-LOS-ALJIBES.png\",\"contentUrl\":\"https:\\\/\\\/fincalosaljibes.com\\\/wp-content\\\/uploads\\\/2025\\\/06\\\/LOGO-FINCA-LOS-ALJIBES.png\",\"width\":1207,\"height\":894,\"caption\":\"Bodega Finca Los Aljibes\"},\"image\":{\"@id\":\"https:\\\/\\\/fincalosaljibes.com\\\/zh-hans\\\/#\\\/schema\\\/logo\\\/image\\\/\"},\"sameAs\":[\"https:\\\/\\\/www.facebook.com\\\/bodegalosaljibes\\\/\",\"https:\\\/\\\/www.instagram.com\\\/losaljibes\\\/\",\"https:\\\/\\\/www.linkedin.com\\\/company\\\/los-aljibes\\\/\",\"https:\\\/\\\/www.youtube.com\\\/channel\\\/UCqYK8s9Xmfj2C1k6xCGODOw\"]}]}<\/script>\n<!-- \/ Yoast SEO plugin. -->","yoast_head_json":{"title":"Visita Completa - Regalo | Finca Los Aljibes","robots":{"index":"index","follow":"follow","max-snippet":"max-snippet:-1","max-image-preview":"max-image-preview:large","max-video-preview":"max-video-preview:-1"},"canonical":"https:\/\/fincalosaljibes.com\/zh-hans\/product\/visita-completa-regalo\/","og_locale":"zh_CN","og_type":"article","og_title":"Visita Completa - Regalo | Finca Los Aljibes","og_description":"Visita Completa de Regalo sin fecha cerrada. M\u00ednimo para dos personas. La fecha la elige el beneficiario cualquier d\u00eda del a\u00f1o disponible en la agenda. En la nota de compra indica el nombre, tel\u00e9fono y correo de la persona a la que deseas regalar la visita. Le enviaremos en un plazo de 24 horas el bono regalo a su email.","og_url":"https:\/\/fincalosaljibes.com\/product\/visita-completa-regalo\/","og_site_name":"Finca Los Aljibes","article_publisher":"https:\/\/www.facebook.com\/bodegalosaljibes\/","article_modified_time":"2026-01-29T08:32:47+00:00","og_image":[{"width":400,"height":400,"url":"https:\/\/fincalosaljibes.com\/wp-content\/uploads\/2025\/05\/visita-completa-aljibes.jpg","type":"image\/jpeg"}],"twitter_card":"summary_large_image","twitter_misc":{"\u9884\u8ba1\u9605\u8bfb\u65f6\u95f4":"1 \u5206"},"schema":{"@context":"https:\/\/schema.org","@graph":[{"@type":"WebPage","@id":"https:\/\/fincalosaljibes.com\/product\/visita-completa-regalo\/","url":"https:\/\/fincalosaljibes.com\/product\/visita-completa-regalo\/","name":"Visita Completa - Regalo | Finca Los Aljibes","isPartOf":{"@id":"https:\/\/fincalosaljibes.com\/zh-hans\/#website"},"primaryImageOfPage":{"@id":"https:\/\/fincalosaljibes.com\/product\/visita-completa-regalo\/#primaryimage"},"image":{"@id":"https:\/\/fincalosaljibes.com\/product\/visita-completa-regalo\/#primaryimage"},"thumbnailUrl":"https:\/\/fincalosaljibes.com\/wp-content\/uploads\/2025\/05\/visita-completa-aljibes.jpg","datePublished":"2026-01-13T11:54:35+00:00","dateModified":"2026-01-29T08:32:47+00:00","breadcrumb":{"@id":"https:\/\/fincalosaljibes.com\/product\/visita-completa-regalo\/#breadcrumb"},"inLanguage":"zh-Hans","potentialAction":[{"@type":"ReadAction","target":["https:\/\/fincalosaljibes.com\/product\/visita-completa-regalo\/"]}]},{"@type":"ImageObject","inLanguage":"zh-Hans","@id":"https:\/\/fincalosaljibes.com\/product\/visita-completa-regalo\/#primaryimage","url":"https:\/\/fincalosaljibes.com\/wp-content\/uploads\/2025\/05\/visita-completa-aljibes.jpg","contentUrl":"https:\/\/fincalosaljibes.com\/wp-content\/uploads\/2025\/05\/visita-completa-aljibes.jpg","width":400,"height":400},{"@type":"BreadcrumbList","@id":"https:\/\/fincalosaljibes.com\/product\/visita-completa-regalo\/#breadcrumb","itemListElement":[{"@type":"ListItem","position":1,"name":"Portada","item":"https:\/\/fincalosaljibes.com\/zh-hans\/"},{"@type":"ListItem","position":2,"name":"\u5546\u5e97","item":"https:\/\/fincalosaljibes.com\/zh-hans\/%e5%95%86%e5%ba%97\/"},{"@type":"ListItem","position":3,"name":"Visita Completa &#8211; Regalo"}]},{"@type":"WebSite","@id":"https:\/\/fincalosaljibes.com\/zh-hans\/#website","url":"https:\/\/fincalosaljibes.com\/zh-hans\/","name":"Finca Los Aljibes","description":"Bodega de vinos, enoturismo, visitas a la bodega y finca para celebrar bodas y eventos","publisher":{"@id":"https:\/\/fincalosaljibes.com\/zh-hans\/#organization"},"alternateName":"Bodega Los Aljibes","potentialAction":[{"@type":"SearchAction","target":{"@type":"EntryPoint","urlTemplate":"https:\/\/fincalosaljibes.com\/zh-hans\/?s={search_term_string}"},"query-input":{"@type":"PropertyValueSpecification","valueRequired":true,"valueName":"search_term_string"}}],"inLanguage":"zh-Hans"},{"@type":"Organization","@id":"https:\/\/fincalosaljibes.com\/zh-hans\/#organization","name":"Bodega Finca Los Aljibes","alternateName":"Bodega Los Aljibes","url":"https:\/\/fincalosaljibes.com\/zh-hans\/","logo":{"@type":"ImageObject","inLanguage":"zh-Hans","@id":"https:\/\/fincalosaljibes.com\/zh-hans\/#\/schema\/logo\/image\/","url":"https:\/\/fincalosaljibes.com\/wp-content\/uploads\/2025\/06\/LOGO-FINCA-LOS-ALJIBES.png","contentUrl":"https:\/\/fincalosaljibes.com\/wp-content\/uploads\/2025\/06\/LOGO-FINCA-LOS-ALJIBES.png","width":1207,"height":894,"caption":"Bodega Finca Los Aljibes"},"image":{"@id":"https:\/\/fincalosaljibes.com\/zh-hans\/#\/schema\/logo\/image\/"},"sameAs":["https:\/\/www.facebook.com\/bodegalosaljibes\/","https:\/\/www.instagram.com\/losaljibes\/","https:\/\/www.linkedin.com\/company\/los-aljibes\/","https:\/\/www.youtube.com\/channel\/UCqYK8s9Xmfj2C1k6xCGODOw"]}]}},"_links":{"self":[{"href":"https:\/\/fincalosaljibes.com\/zh-hans\/wp-json\/wp\/v2\/product\/17582","targetHints":{"allow":["GET"]}}],"collection":[{"href":"https:\/\/fincalosaljibes.com\/zh-hans\/wp-json\/wp\/v2\/product"}],"about":[{"href":"https:\/\/fincalosaljibes.com\/zh-hans\/wp-json\/wp\/v2\/types\/product"}],"wp:featuredmedia":[{"embeddable":true,"href":"https:\/\/fincalosaljibes.com\/zh-hans\/wp-json\/wp\/v2\/media\/14435"}],"wp:attachment":[{"href":"https:\/\/fincalosaljibes.com\/zh-hans\/wp-json\/wp\/v2\/media?parent=17582"}],"wp:term":[{"taxonomy":"product_brand","embeddable":true,"href":"https:\/\/fincalosaljibes.com\/zh-hans\/wp-json\/wp\/v2\/product_brand?post=17582"},{"taxonomy":"product_cat","embeddable":true,"href":"https:\/\/fincalosaljibes.com\/zh-hans\/wp-json\/wp\/v2\/product_cat?post=17582"},{"taxonomy":"product_tag","embeddable":true,"href":"https:\/\/fincalosaljibes.com\/zh-hans\/wp-json\/wp\/v2\/product_tag?post=17582"}],"curies":[{"name":"wp","href":"https:\/\/api.w.org\/{rel}","templated":true}]}}