{"id":2585,"date":"2018-06-15T11:39:17","date_gmt":"2018-06-15T11:39:17","guid":{"rendered":"https:\/\/fincalosaljibes.com\/product\/visita-basica-a-la-bodega\/"},"modified":"2018-11-21T15:36:53","modified_gmt":"2018-11-21T15:36:53","slug":"visita-basica-a-la-bodega","status":"publish","type":"product","link":"https:\/\/fincalosaljibes.com\/zh-hans\/product\/visita-basica-a-la-bodega\/","title":{"rendered":"VISITA B\u00c1SICA A LA BODEGA"},"content":{"rendered":"<p>Un recorrido por la bodega acompa\u00f1ados de un gu\u00eda que va explicando el proceso de elaboraci\u00f3n de nuestros vinos, y que muestra el vi\u00f1edo visto desde el mirador de la bodega. La visita acaba con la degustaci\u00f3n de dos vinos, servidos con un aperitivo fr\u00edo.<\/p>\n","protected":false},"excerpt":{"rendered":"<p>Elige tantas unidades como personas acudir\u00e1n.<\/p>\n<p>[addtoany]<\/p>\n","protected":false},"featured_media":2589,"template":"","meta":[],"product_brand":[],"product_cat":[254],"product_tag":[306],"class_list":{"0":"post-2585","1":"product","2":"type-product","3":"status-publish","4":"has-post-thumbnail","6":"product_cat-experiencias-aljibes-zh-hans","7":"product_tag-deshabilitado-cn","8":"member-discount","9":"discount-restricted","11":"first","12":"instock","13":"virtual","14":"taxable","15":"purchasable","16":"product-type-simple"},"bundled_by":[],"bundle_stock_status":"instock","bundle_stock_quantity":null,"bundle_virtual":false,"bundle_layout":"","bundle_add_to_cart_form_location":"","bundle_editable_in_cart":false,"bundle_sold_individually_context":"","bundle_item_grouping":"","bundle_min_size":"","bundle_max_size":"","bundle_price":[],"bundled_items":[],"bundle_sell_ids":[],"booking_location":null,"booking_location_type":null,"booking_duration":null,"booking_duration_unit":null,"booking_buffer":null,"booking_cost":null,"booking_resources":null,"group_of_quantity":0,"min_quantity":0,"max_quantity":"","exclude_order_quantity_value_rules":"no","exclude_category_quantity_rules":"no","combine_variations":"no","yoast_head":"<!-- This site is optimized with the Yoast SEO plugin v27.4 - https:\/\/yoast.com\/product\/yoast-seo-wordpress\/ -->\n<title>VISITA B\u00c1SICA A LA BODEGA | Finca Los Aljibes<\/title>\n<meta name=\"robots\" content=\"index, follow, max-snippet:-1, max-image-preview:large, max-video-preview:-1\" \/>\n<link rel=\"canonical\" href=\"https:\/\/fincalosaljibes.com\/zh-hans\/product\/visita-basica-a-la-bodega\/\" \/>\n<meta property=\"og:locale\" content=\"zh_CN\" \/>\n<meta property=\"og:type\" content=\"article\" \/>\n<meta property=\"og:title\" content=\"VISITA B\u00c1SICA A LA BODEGA | Finca Los Aljibes\" \/>\n<meta property=\"og:description\" content=\"Elige tantas unidades como personas acudir\u00e1n.  [addtoany]\" \/>\n<meta property=\"og:url\" content=\"https:\/\/fincalosaljibes.com\/zh-hans\/product\/visita-basica-a-la-bodega\/\" \/>\n<meta property=\"og:site_name\" content=\"Finca Los Aljibes\" \/>\n<meta property=\"article:publisher\" content=\"https:\/\/www.facebook.com\/bodegalosaljibes\/\" \/>\n<meta property=\"article:modified_time\" content=\"2018-11-21T15:36:53+00:00\" \/>\n<meta property=\"og:image\" content=\"https:\/\/fincalosaljibes.com\/wp-content\/uploads\/2018\/06\/visita-basica-2.jpg\" \/>\n\t<meta property=\"og:image:width\" content=\"400\" \/>\n\t<meta property=\"og:image:height\" content=\"400\" \/>\n\t<meta property=\"og:image:type\" content=\"image\/jpeg\" \/>\n<meta name=\"twitter:card\" content=\"summary_large_image\" \/>\n<script type=\"application\/ld+json\" class=\"yoast-schema-graph\">{\"@context\":\"https:\\\/\\\/schema.org\",\"@graph\":[{\"@type\":\"WebPage\",\"@id\":\"https:\\\/\\\/fincalosaljibes.com\\\/zh-hans\\\/product\\\/visita-basica-a-la-bodega\\\/\",\"url\":\"https:\\\/\\\/fincalosaljibes.com\\\/zh-hans\\\/product\\\/visita-basica-a-la-bodega\\\/\",\"name\":\"VISITA B\u00c1SICA A LA BODEGA | Finca Los Aljibes\",\"isPartOf\":{\"@id\":\"https:\\\/\\\/fincalosaljibes.com\\\/zh-hans\\\/#website\"},\"primaryImageOfPage\":{\"@id\":\"https:\\\/\\\/fincalosaljibes.com\\\/zh-hans\\\/product\\\/visita-basica-a-la-bodega\\\/#primaryimage\"},\"image\":{\"@id\":\"https:\\\/\\\/fincalosaljibes.com\\\/zh-hans\\\/product\\\/visita-basica-a-la-bodega\\\/#primaryimage\"},\"thumbnailUrl\":\"https:\\\/\\\/fincalosaljibes.com\\\/wp-content\\\/uploads\\\/2018\\\/06\\\/visita-basica-2.jpg\",\"datePublished\":\"2018-06-15T11:39:17+00:00\",\"dateModified\":\"2018-11-21T15:36:53+00:00\",\"breadcrumb\":{\"@id\":\"https:\\\/\\\/fincalosaljibes.com\\\/zh-hans\\\/product\\\/visita-basica-a-la-bodega\\\/#breadcrumb\"},\"inLanguage\":\"zh-Hans\",\"potentialAction\":[{\"@type\":\"ReadAction\",\"target\":[\"https:\\\/\\\/fincalosaljibes.com\\\/zh-hans\\\/product\\\/visita-basica-a-la-bodega\\\/\"]}]},{\"@type\":\"ImageObject\",\"inLanguage\":\"zh-Hans\",\"@id\":\"https:\\\/\\\/fincalosaljibes.com\\\/zh-hans\\\/product\\\/visita-basica-a-la-bodega\\\/#primaryimage\",\"url\":\"https:\\\/\\\/fincalosaljibes.com\\\/wp-content\\\/uploads\\\/2018\\\/06\\\/visita-basica-2.jpg\",\"contentUrl\":\"https:\\\/\\\/fincalosaljibes.com\\\/wp-content\\\/uploads\\\/2018\\\/06\\\/visita-basica-2.jpg\",\"width\":400,\"height\":400},{\"@type\":\"BreadcrumbList\",\"@id\":\"https:\\\/\\\/fincalosaljibes.com\\\/zh-hans\\\/product\\\/visita-basica-a-la-bodega\\\/#breadcrumb\",\"itemListElement\":[{\"@type\":\"ListItem\",\"position\":1,\"name\":\"Portada\",\"item\":\"https:\\\/\\\/fincalosaljibes.com\\\/zh-hans\\\/\"},{\"@type\":\"ListItem\",\"position\":2,\"name\":\"\u5546\u5e97\",\"item\":\"https:\\\/\\\/fincalosaljibes.com\\\/zh-hans\\\/%e5%95%86%e5%ba%97\\\/\"},{\"@type\":\"ListItem\",\"position\":3,\"name\":\"VISITA B\u00c1SICA A LA BODEGA\"}]},{\"@type\":\"WebSite\",\"@id\":\"https:\\\/\\\/fincalosaljibes.com\\\/zh-hans\\\/#website\",\"url\":\"https:\\\/\\\/fincalosaljibes.com\\\/zh-hans\\\/\",\"name\":\"Finca Los Aljibes\",\"description\":\"Bodega de vinos, enoturismo, visitas a la bodega y finca para celebrar bodas y eventos\",\"publisher\":{\"@id\":\"https:\\\/\\\/fincalosaljibes.com\\\/zh-hans\\\/#organization\"},\"alternateName\":\"Bodega Los Aljibes\",\"potentialAction\":[{\"@type\":\"SearchAction\",\"target\":{\"@type\":\"EntryPoint\",\"urlTemplate\":\"https:\\\/\\\/fincalosaljibes.com\\\/zh-hans\\\/?s={search_term_string}\"},\"query-input\":{\"@type\":\"PropertyValueSpecification\",\"valueRequired\":true,\"valueName\":\"search_term_string\"}}],\"inLanguage\":\"zh-Hans\"},{\"@type\":\"Organization\",\"@id\":\"https:\\\/\\\/fincalosaljibes.com\\\/zh-hans\\\/#organization\",\"name\":\"Bodega Finca Los Aljibes\",\"alternateName\":\"Bodega Los Aljibes\",\"url\":\"https:\\\/\\\/fincalosaljibes.com\\\/zh-hans\\\/\",\"logo\":{\"@type\":\"ImageObject\",\"inLanguage\":\"zh-Hans\",\"@id\":\"https:\\\/\\\/fincalosaljibes.com\\\/zh-hans\\\/#\\\/schema\\\/logo\\\/image\\\/\",\"url\":\"https:\\\/\\\/fincalosaljibes.com\\\/wp-content\\\/uploads\\\/2025\\\/06\\\/LOGO-FINCA-LOS-ALJIBES.png\",\"contentUrl\":\"https:\\\/\\\/fincalosaljibes.com\\\/wp-content\\\/uploads\\\/2025\\\/06\\\/LOGO-FINCA-LOS-ALJIBES.png\",\"width\":1207,\"height\":894,\"caption\":\"Bodega Finca Los Aljibes\"},\"image\":{\"@id\":\"https:\\\/\\\/fincalosaljibes.com\\\/zh-hans\\\/#\\\/schema\\\/logo\\\/image\\\/\"},\"sameAs\":[\"https:\\\/\\\/www.facebook.com\\\/bodegalosaljibes\\\/\",\"https:\\\/\\\/www.instagram.com\\\/losaljibes\\\/\",\"https:\\\/\\\/www.linkedin.com\\\/company\\\/los-aljibes\\\/\",\"https:\\\/\\\/www.youtube.com\\\/channel\\\/UCqYK8s9Xmfj2C1k6xCGODOw\"]}]}<\/script>\n<!-- \/ Yoast SEO plugin. -->","yoast_head_json":{"title":"VISITA B\u00c1SICA A LA BODEGA | Finca Los Aljibes","robots":{"index":"index","follow":"follow","max-snippet":"max-snippet:-1","max-image-preview":"max-image-preview:large","max-video-preview":"max-video-preview:-1"},"canonical":"https:\/\/fincalosaljibes.com\/zh-hans\/product\/visita-basica-a-la-bodega\/","og_locale":"zh_CN","og_type":"article","og_title":"VISITA B\u00c1SICA A LA BODEGA | Finca Los Aljibes","og_description":"Elige tantas unidades como personas acudir\u00e1n.  [addtoany]","og_url":"https:\/\/fincalosaljibes.com\/zh-hans\/product\/visita-basica-a-la-bodega\/","og_site_name":"Finca Los Aljibes","article_publisher":"https:\/\/www.facebook.com\/bodegalosaljibes\/","article_modified_time":"2018-11-21T15:36:53+00:00","og_image":[{"width":400,"height":400,"url":"https:\/\/fincalosaljibes.com\/wp-content\/uploads\/2018\/06\/visita-basica-2.jpg","type":"image\/jpeg"}],"twitter_card":"summary_large_image","schema":{"@context":"https:\/\/schema.org","@graph":[{"@type":"WebPage","@id":"https:\/\/fincalosaljibes.com\/zh-hans\/product\/visita-basica-a-la-bodega\/","url":"https:\/\/fincalosaljibes.com\/zh-hans\/product\/visita-basica-a-la-bodega\/","name":"VISITA B\u00c1SICA A LA BODEGA | Finca Los Aljibes","isPartOf":{"@id":"https:\/\/fincalosaljibes.com\/zh-hans\/#website"},"primaryImageOfPage":{"@id":"https:\/\/fincalosaljibes.com\/zh-hans\/product\/visita-basica-a-la-bodega\/#primaryimage"},"image":{"@id":"https:\/\/fincalosaljibes.com\/zh-hans\/product\/visita-basica-a-la-bodega\/#primaryimage"},"thumbnailUrl":"https:\/\/fincalosaljibes.com\/wp-content\/uploads\/2018\/06\/visita-basica-2.jpg","datePublished":"2018-06-15T11:39:17+00:00","dateModified":"2018-11-21T15:36:53+00:00","breadcrumb":{"@id":"https:\/\/fincalosaljibes.com\/zh-hans\/product\/visita-basica-a-la-bodega\/#breadcrumb"},"inLanguage":"zh-Hans","potentialAction":[{"@type":"ReadAction","target":["https:\/\/fincalosaljibes.com\/zh-hans\/product\/visita-basica-a-la-bodega\/"]}]},{"@type":"ImageObject","inLanguage":"zh-Hans","@id":"https:\/\/fincalosaljibes.com\/zh-hans\/product\/visita-basica-a-la-bodega\/#primaryimage","url":"https:\/\/fincalosaljibes.com\/wp-content\/uploads\/2018\/06\/visita-basica-2.jpg","contentUrl":"https:\/\/fincalosaljibes.com\/wp-content\/uploads\/2018\/06\/visita-basica-2.jpg","width":400,"height":400},{"@type":"BreadcrumbList","@id":"https:\/\/fincalosaljibes.com\/zh-hans\/product\/visita-basica-a-la-bodega\/#breadcrumb","itemListElement":[{"@type":"ListItem","position":1,"name":"Portada","item":"https:\/\/fincalosaljibes.com\/zh-hans\/"},{"@type":"ListItem","position":2,"name":"\u5546\u5e97","item":"https:\/\/fincalosaljibes.com\/zh-hans\/%e5%95%86%e5%ba%97\/"},{"@type":"ListItem","position":3,"name":"VISITA B\u00c1SICA A LA BODEGA"}]},{"@type":"WebSite","@id":"https:\/\/fincalosaljibes.com\/zh-hans\/#website","url":"https:\/\/fincalosaljibes.com\/zh-hans\/","name":"Finca Los Aljibes","description":"Bodega de vinos, enoturismo, visitas a la bodega y finca para celebrar bodas y eventos","publisher":{"@id":"https:\/\/fincalosaljibes.com\/zh-hans\/#organization"},"alternateName":"Bodega Los Aljibes","potentialAction":[{"@type":"SearchAction","target":{"@type":"EntryPoint","urlTemplate":"https:\/\/fincalosaljibes.com\/zh-hans\/?s={search_term_string}"},"query-input":{"@type":"PropertyValueSpecification","valueRequired":true,"valueName":"search_term_string"}}],"inLanguage":"zh-Hans"},{"@type":"Organization","@id":"https:\/\/fincalosaljibes.com\/zh-hans\/#organization","name":"Bodega Finca Los Aljibes","alternateName":"Bodega Los Aljibes","url":"https:\/\/fincalosaljibes.com\/zh-hans\/","logo":{"@type":"ImageObject","inLanguage":"zh-Hans","@id":"https:\/\/fincalosaljibes.com\/zh-hans\/#\/schema\/logo\/image\/","url":"https:\/\/fincalosaljibes.com\/wp-content\/uploads\/2025\/06\/LOGO-FINCA-LOS-ALJIBES.png","contentUrl":"https:\/\/fincalosaljibes.com\/wp-content\/uploads\/2025\/06\/LOGO-FINCA-LOS-ALJIBES.png","width":1207,"height":894,"caption":"Bodega Finca Los Aljibes"},"image":{"@id":"https:\/\/fincalosaljibes.com\/zh-hans\/#\/schema\/logo\/image\/"},"sameAs":["https:\/\/www.facebook.com\/bodegalosaljibes\/","https:\/\/www.instagram.com\/losaljibes\/","https:\/\/www.linkedin.com\/company\/los-aljibes\/","https:\/\/www.youtube.com\/channel\/UCqYK8s9Xmfj2C1k6xCGODOw"]}]}},"_links":{"self":[{"href":"https:\/\/fincalosaljibes.com\/zh-hans\/wp-json\/wp\/v2\/product\/2585","targetHints":{"allow":["GET"]}}],"collection":[{"href":"https:\/\/fincalosaljibes.com\/zh-hans\/wp-json\/wp\/v2\/product"}],"about":[{"href":"https:\/\/fincalosaljibes.com\/zh-hans\/wp-json\/wp\/v2\/types\/product"}],"wp:featuredmedia":[{"embeddable":true,"href":"https:\/\/fincalosaljibes.com\/zh-hans\/wp-json\/wp\/v2\/media\/2589"}],"wp:attachment":[{"href":"https:\/\/fincalosaljibes.com\/zh-hans\/wp-json\/wp\/v2\/media?parent=2585"}],"wp:term":[{"taxonomy":"product_brand","embeddable":true,"href":"https:\/\/fincalosaljibes.com\/zh-hans\/wp-json\/wp\/v2\/product_brand?post=2585"},{"taxonomy":"product_cat","embeddable":true,"href":"https:\/\/fincalosaljibes.com\/zh-hans\/wp-json\/wp\/v2\/product_cat?post=2585"},{"taxonomy":"product_tag","embeddable":true,"href":"https:\/\/fincalosaljibes.com\/zh-hans\/wp-json\/wp\/v2\/product_tag?post=2585"}],"curies":[{"name":"wp","href":"https:\/\/api.w.org\/{rel}","templated":true}]}}