{"id":2613,"date":"2018-06-15T08:06:56","date_gmt":"2018-06-15T08:06:56","guid":{"rendered":"https:\/\/fincalosaljibes.com\/product\/club-del-vino\/"},"modified":"2018-11-21T15:36:56","modified_gmt":"2018-11-21T15:36:56","slug":"club-del-vino","status":"publish","type":"product","link":"https:\/\/fincalosaljibes.com\/zh-hans\/product\/club-del-vino\/","title":{"rendered":"Club del Vino"},"content":{"rendered":"<p><strong class=\"oswald t16\">VENTAJAS DE PERTENECER AL CLUB LOS ALJIBES<\/strong><\/p>\n<ul>\n<li>Darse de alta como socio del\u00a0<strong>CLUB LOS ALJIBES<\/strong>\u00a0es <strong>gratuito.\u00a0<\/strong><\/li>\n<li>Los socios del\u00a0<strong>CLUB LOS ALJIBES,<\/strong> tienen un <strong>5% de descuento en todas sus compras en la Tienda Los Aljibes, tanto en la propia Bodega como en la Tienda On Line.\u00a0<\/strong><\/li>\n<li>Para pedidos de <strong>m\u00e1s de 3 cajas en la Tienda On Line, nos hacemos cargo de los portes de la 3\u00aa y siguientes cajas.<\/strong>\u00a0Podemos personalizar tus botellas con alguna inscripci\u00f3n o para regalos que quieras hacer.<\/li>\n<li>Como socio del\u00a0<strong>CLUB LOS ALJIBES\u00a0<\/strong>podr\u00e1s hacer pedidos personalizados, haciendo tus propias composiciones de las cajas. <strong>Lo puedes solicitar por tel\u00e9fono (+34 91 884 34 72) o por e-mail (tienda@fincalosaljibes.com).\u00a0<\/strong><\/li>\n<li>Por pertenecer al\u00a0<strong>CLUB LOS ALJIBES<\/strong>\u00a0queremos <strong>regalarte una invitaci\u00f3n para 4 personas para una visita guiada a la\u00a0BODEGA LOS ALJIBES, siempre bajo cita previa.\u00a0<\/strong><\/li>\n<li><strong>Los socios<\/strong> tendr\u00e1n la posibilidad de disfrutar en\u00a0<strong><a href=\"http:\/\/www.lascasasdelvino.com\" target=\"_blank\" rel=\"noopener\">LAS CASAS DEL VINO<\/a>,<\/strong> alojamientos rurales en Chinchilla de Montearag\u00f3n, <strong>por un 15% menos de la tarifa habitual PVP.\u00a0<\/strong><\/li>\n<\/ul>\n<p>&nbsp;<\/p>\n<p>&nbsp;<\/p>\n","protected":false},"excerpt":{"rendered":"<p><strong class=\"oswald c00 t16\">\u00bfQUIERES SER SOCIO DEL CLUB?<\/strong><br \/>\nReg\u00edstrate a\u00f1adiendo la suscripci\u00f3n a tu carrito.<\/p>\n<p>[addtoany]<\/p>\n","protected":false},"featured_media":2615,"template":"","meta":[],"product_brand":[],"product_cat":[15],"product_tag":[306],"class_list":{"0":"post-2613","1":"product","2":"type-product","3":"status-publish","4":"has-post-thumbnail","6":"product_cat-uncategorized","7":"product_tag-deshabilitado-cn","8":"member-discount","9":"discount-restricted","11":"first","12":"instock","13":"virtual","14":"sold-individually","15":"taxable","16":"purchasable","17":"product-type-simple"},"bundled_by":[],"bundle_stock_status":"instock","bundle_stock_quantity":null,"bundle_virtual":false,"bundle_layout":"","bundle_add_to_cart_form_location":"","bundle_editable_in_cart":false,"bundle_sold_individually_context":"","bundle_item_grouping":"","bundle_min_size":"","bundle_max_size":"","bundle_price":[],"bundled_items":[],"bundle_sell_ids":[],"booking_location":null,"booking_location_type":null,"booking_duration":null,"booking_duration_unit":null,"booking_buffer":null,"booking_cost":null,"booking_resources":null,"group_of_quantity":0,"min_quantity":0,"max_quantity":"","exclude_order_quantity_value_rules":"no","exclude_category_quantity_rules":"no","combine_variations":"no","yoast_head":"<!-- This site is optimized with the Yoast SEO plugin v27.4 - https:\/\/yoast.com\/product\/yoast-seo-wordpress\/ -->\n<title>Club del Vino | Finca Los Aljibes<\/title>\n<meta name=\"robots\" content=\"index, follow, max-snippet:-1, max-image-preview:large, max-video-preview:-1\" \/>\n<link rel=\"canonical\" href=\"https:\/\/fincalosaljibes.com\/zh-hans\/product\/club-del-vino\/\" \/>\n<meta property=\"og:locale\" content=\"zh_CN\" \/>\n<meta property=\"og:type\" content=\"article\" \/>\n<meta property=\"og:title\" content=\"Club del Vino | Finca Los Aljibes\" \/>\n<meta property=\"og:description\" content=\"\u00bfQUIERES SER SOCIO DEL CLUB? Reg\u00edstrate a\u00f1adiendo la suscripci\u00f3n a tu carrito.  [addtoany]\" \/>\n<meta property=\"og:url\" content=\"https:\/\/fincalosaljibes.com\/zh-hans\/product\/club-del-vino\/\" \/>\n<meta property=\"og:site_name\" content=\"Finca Los Aljibes\" \/>\n<meta property=\"article:publisher\" content=\"https:\/\/www.facebook.com\/bodegalosaljibes\/\" \/>\n<meta property=\"article:modified_time\" content=\"2018-11-21T15:36:56+00:00\" \/>\n<meta property=\"og:image\" content=\"https:\/\/fincalosaljibes.com\/wp-content\/uploads\/2018\/06\/clubdelvino-1.jpg\" \/>\n\t<meta property=\"og:image:width\" content=\"400\" \/>\n\t<meta property=\"og:image:height\" content=\"400\" \/>\n\t<meta property=\"og:image:type\" content=\"image\/jpeg\" \/>\n<meta name=\"twitter:card\" content=\"summary_large_image\" \/>\n<meta name=\"twitter:label1\" content=\"\u9884\u8ba1\u9605\u8bfb\u65f6\u95f4\" \/>\n\t<meta name=\"twitter:data1\" content=\"1 \u5206\" \/>\n<script type=\"application\/ld+json\" class=\"yoast-schema-graph\">{\"@context\":\"https:\\\/\\\/schema.org\",\"@graph\":[{\"@type\":\"WebPage\",\"@id\":\"https:\\\/\\\/fincalosaljibes.com\\\/zh-hans\\\/product\\\/club-del-vino\\\/\",\"url\":\"https:\\\/\\\/fincalosaljibes.com\\\/zh-hans\\\/product\\\/club-del-vino\\\/\",\"name\":\"Club del Vino | Finca Los Aljibes\",\"isPartOf\":{\"@id\":\"https:\\\/\\\/fincalosaljibes.com\\\/zh-hans\\\/#website\"},\"primaryImageOfPage\":{\"@id\":\"https:\\\/\\\/fincalosaljibes.com\\\/zh-hans\\\/product\\\/club-del-vino\\\/#primaryimage\"},\"image\":{\"@id\":\"https:\\\/\\\/fincalosaljibes.com\\\/zh-hans\\\/product\\\/club-del-vino\\\/#primaryimage\"},\"thumbnailUrl\":\"https:\\\/\\\/fincalosaljibes.com\\\/wp-content\\\/uploads\\\/2018\\\/06\\\/clubdelvino-1.jpg\",\"datePublished\":\"2018-06-15T08:06:56+00:00\",\"dateModified\":\"2018-11-21T15:36:56+00:00\",\"breadcrumb\":{\"@id\":\"https:\\\/\\\/fincalosaljibes.com\\\/zh-hans\\\/product\\\/club-del-vino\\\/#breadcrumb\"},\"inLanguage\":\"zh-Hans\",\"potentialAction\":[{\"@type\":\"ReadAction\",\"target\":[\"https:\\\/\\\/fincalosaljibes.com\\\/zh-hans\\\/product\\\/club-del-vino\\\/\"]}]},{\"@type\":\"ImageObject\",\"inLanguage\":\"zh-Hans\",\"@id\":\"https:\\\/\\\/fincalosaljibes.com\\\/zh-hans\\\/product\\\/club-del-vino\\\/#primaryimage\",\"url\":\"https:\\\/\\\/fincalosaljibes.com\\\/wp-content\\\/uploads\\\/2018\\\/06\\\/clubdelvino-1.jpg\",\"contentUrl\":\"https:\\\/\\\/fincalosaljibes.com\\\/wp-content\\\/uploads\\\/2018\\\/06\\\/clubdelvino-1.jpg\",\"width\":400,\"height\":400},{\"@type\":\"BreadcrumbList\",\"@id\":\"https:\\\/\\\/fincalosaljibes.com\\\/zh-hans\\\/product\\\/club-del-vino\\\/#breadcrumb\",\"itemListElement\":[{\"@type\":\"ListItem\",\"position\":1,\"name\":\"Portada\",\"item\":\"https:\\\/\\\/fincalosaljibes.com\\\/zh-hans\\\/\"},{\"@type\":\"ListItem\",\"position\":2,\"name\":\"\u5546\u5e97\",\"item\":\"https:\\\/\\\/fincalosaljibes.com\\\/zh-hans\\\/%e5%95%86%e5%ba%97\\\/\"},{\"@type\":\"ListItem\",\"position\":3,\"name\":\"Club del Vino\"}]},{\"@type\":\"WebSite\",\"@id\":\"https:\\\/\\\/fincalosaljibes.com\\\/zh-hans\\\/#website\",\"url\":\"https:\\\/\\\/fincalosaljibes.com\\\/zh-hans\\\/\",\"name\":\"Finca Los Aljibes\",\"description\":\"Bodega de vinos, enoturismo, visitas a la bodega y finca para celebrar bodas y eventos\",\"publisher\":{\"@id\":\"https:\\\/\\\/fincalosaljibes.com\\\/zh-hans\\\/#organization\"},\"alternateName\":\"Bodega Los Aljibes\",\"potentialAction\":[{\"@type\":\"SearchAction\",\"target\":{\"@type\":\"EntryPoint\",\"urlTemplate\":\"https:\\\/\\\/fincalosaljibes.com\\\/zh-hans\\\/?s={search_term_string}\"},\"query-input\":{\"@type\":\"PropertyValueSpecification\",\"valueRequired\":true,\"valueName\":\"search_term_string\"}}],\"inLanguage\":\"zh-Hans\"},{\"@type\":\"Organization\",\"@id\":\"https:\\\/\\\/fincalosaljibes.com\\\/zh-hans\\\/#organization\",\"name\":\"Bodega Finca Los Aljibes\",\"alternateName\":\"Bodega Los Aljibes\",\"url\":\"https:\\\/\\\/fincalosaljibes.com\\\/zh-hans\\\/\",\"logo\":{\"@type\":\"ImageObject\",\"inLanguage\":\"zh-Hans\",\"@id\":\"https:\\\/\\\/fincalosaljibes.com\\\/zh-hans\\\/#\\\/schema\\\/logo\\\/image\\\/\",\"url\":\"https:\\\/\\\/fincalosaljibes.com\\\/wp-content\\\/uploads\\\/2025\\\/06\\\/LOGO-FINCA-LOS-ALJIBES.png\",\"contentUrl\":\"https:\\\/\\\/fincalosaljibes.com\\\/wp-content\\\/uploads\\\/2025\\\/06\\\/LOGO-FINCA-LOS-ALJIBES.png\",\"width\":1207,\"height\":894,\"caption\":\"Bodega Finca Los Aljibes\"},\"image\":{\"@id\":\"https:\\\/\\\/fincalosaljibes.com\\\/zh-hans\\\/#\\\/schema\\\/logo\\\/image\\\/\"},\"sameAs\":[\"https:\\\/\\\/www.facebook.com\\\/bodegalosaljibes\\\/\",\"https:\\\/\\\/www.instagram.com\\\/losaljibes\\\/\",\"https:\\\/\\\/www.linkedin.com\\\/company\\\/los-aljibes\\\/\",\"https:\\\/\\\/www.youtube.com\\\/channel\\\/UCqYK8s9Xmfj2C1k6xCGODOw\"]}]}<\/script>\n<!-- \/ Yoast SEO plugin. -->","yoast_head_json":{"title":"Club del Vino | Finca Los Aljibes","robots":{"index":"index","follow":"follow","max-snippet":"max-snippet:-1","max-image-preview":"max-image-preview:large","max-video-preview":"max-video-preview:-1"},"canonical":"https:\/\/fincalosaljibes.com\/zh-hans\/product\/club-del-vino\/","og_locale":"zh_CN","og_type":"article","og_title":"Club del Vino | Finca Los Aljibes","og_description":"\u00bfQUIERES SER SOCIO DEL CLUB? Reg\u00edstrate a\u00f1adiendo la suscripci\u00f3n a tu carrito.  [addtoany]","og_url":"https:\/\/fincalosaljibes.com\/zh-hans\/product\/club-del-vino\/","og_site_name":"Finca Los Aljibes","article_publisher":"https:\/\/www.facebook.com\/bodegalosaljibes\/","article_modified_time":"2018-11-21T15:36:56+00:00","og_image":[{"width":400,"height":400,"url":"https:\/\/fincalosaljibes.com\/wp-content\/uploads\/2018\/06\/clubdelvino-1.jpg","type":"image\/jpeg"}],"twitter_card":"summary_large_image","twitter_misc":{"\u9884\u8ba1\u9605\u8bfb\u65f6\u95f4":"1 \u5206"},"schema":{"@context":"https:\/\/schema.org","@graph":[{"@type":"WebPage","@id":"https:\/\/fincalosaljibes.com\/zh-hans\/product\/club-del-vino\/","url":"https:\/\/fincalosaljibes.com\/zh-hans\/product\/club-del-vino\/","name":"Club del Vino | Finca Los Aljibes","isPartOf":{"@id":"https:\/\/fincalosaljibes.com\/zh-hans\/#website"},"primaryImageOfPage":{"@id":"https:\/\/fincalosaljibes.com\/zh-hans\/product\/club-del-vino\/#primaryimage"},"image":{"@id":"https:\/\/fincalosaljibes.com\/zh-hans\/product\/club-del-vino\/#primaryimage"},"thumbnailUrl":"https:\/\/fincalosaljibes.com\/wp-content\/uploads\/2018\/06\/clubdelvino-1.jpg","datePublished":"2018-06-15T08:06:56+00:00","dateModified":"2018-11-21T15:36:56+00:00","breadcrumb":{"@id":"https:\/\/fincalosaljibes.com\/zh-hans\/product\/club-del-vino\/#breadcrumb"},"inLanguage":"zh-Hans","potentialAction":[{"@type":"ReadAction","target":["https:\/\/fincalosaljibes.com\/zh-hans\/product\/club-del-vino\/"]}]},{"@type":"ImageObject","inLanguage":"zh-Hans","@id":"https:\/\/fincalosaljibes.com\/zh-hans\/product\/club-del-vino\/#primaryimage","url":"https:\/\/fincalosaljibes.com\/wp-content\/uploads\/2018\/06\/clubdelvino-1.jpg","contentUrl":"https:\/\/fincalosaljibes.com\/wp-content\/uploads\/2018\/06\/clubdelvino-1.jpg","width":400,"height":400},{"@type":"BreadcrumbList","@id":"https:\/\/fincalosaljibes.com\/zh-hans\/product\/club-del-vino\/#breadcrumb","itemListElement":[{"@type":"ListItem","position":1,"name":"Portada","item":"https:\/\/fincalosaljibes.com\/zh-hans\/"},{"@type":"ListItem","position":2,"name":"\u5546\u5e97","item":"https:\/\/fincalosaljibes.com\/zh-hans\/%e5%95%86%e5%ba%97\/"},{"@type":"ListItem","position":3,"name":"Club del Vino"}]},{"@type":"WebSite","@id":"https:\/\/fincalosaljibes.com\/zh-hans\/#website","url":"https:\/\/fincalosaljibes.com\/zh-hans\/","name":"Finca Los Aljibes","description":"Bodega de vinos, enoturismo, visitas a la bodega y finca para celebrar bodas y eventos","publisher":{"@id":"https:\/\/fincalosaljibes.com\/zh-hans\/#organization"},"alternateName":"Bodega Los Aljibes","potentialAction":[{"@type":"SearchAction","target":{"@type":"EntryPoint","urlTemplate":"https:\/\/fincalosaljibes.com\/zh-hans\/?s={search_term_string}"},"query-input":{"@type":"PropertyValueSpecification","valueRequired":true,"valueName":"search_term_string"}}],"inLanguage":"zh-Hans"},{"@type":"Organization","@id":"https:\/\/fincalosaljibes.com\/zh-hans\/#organization","name":"Bodega Finca Los Aljibes","alternateName":"Bodega Los Aljibes","url":"https:\/\/fincalosaljibes.com\/zh-hans\/","logo":{"@type":"ImageObject","inLanguage":"zh-Hans","@id":"https:\/\/fincalosaljibes.com\/zh-hans\/#\/schema\/logo\/image\/","url":"https:\/\/fincalosaljibes.com\/wp-content\/uploads\/2025\/06\/LOGO-FINCA-LOS-ALJIBES.png","contentUrl":"https:\/\/fincalosaljibes.com\/wp-content\/uploads\/2025\/06\/LOGO-FINCA-LOS-ALJIBES.png","width":1207,"height":894,"caption":"Bodega Finca Los Aljibes"},"image":{"@id":"https:\/\/fincalosaljibes.com\/zh-hans\/#\/schema\/logo\/image\/"},"sameAs":["https:\/\/www.facebook.com\/bodegalosaljibes\/","https:\/\/www.instagram.com\/losaljibes\/","https:\/\/www.linkedin.com\/company\/los-aljibes\/","https:\/\/www.youtube.com\/channel\/UCqYK8s9Xmfj2C1k6xCGODOw"]}]}},"_links":{"self":[{"href":"https:\/\/fincalosaljibes.com\/zh-hans\/wp-json\/wp\/v2\/product\/2613","targetHints":{"allow":["GET"]}}],"collection":[{"href":"https:\/\/fincalosaljibes.com\/zh-hans\/wp-json\/wp\/v2\/product"}],"about":[{"href":"https:\/\/fincalosaljibes.com\/zh-hans\/wp-json\/wp\/v2\/types\/product"}],"wp:featuredmedia":[{"embeddable":true,"href":"https:\/\/fincalosaljibes.com\/zh-hans\/wp-json\/wp\/v2\/media\/2615"}],"wp:attachment":[{"href":"https:\/\/fincalosaljibes.com\/zh-hans\/wp-json\/wp\/v2\/media?parent=2613"}],"wp:term":[{"taxonomy":"product_brand","embeddable":true,"href":"https:\/\/fincalosaljibes.com\/zh-hans\/wp-json\/wp\/v2\/product_brand?post=2613"},{"taxonomy":"product_cat","embeddable":true,"href":"https:\/\/fincalosaljibes.com\/zh-hans\/wp-json\/wp\/v2\/product_cat?post=2613"},{"taxonomy":"product_tag","embeddable":true,"href":"https:\/\/fincalosaljibes.com\/zh-hans\/wp-json\/wp\/v2\/product_tag?post=2613"}],"curies":[{"name":"wp","href":"https:\/\/api.w.org\/{rel}","templated":true}]}}